{"id":4280,"date":"2021-11-19T16:07:11","date_gmt":"2021-11-19T21:07:11","guid":{"rendered":"https:\/\/musee.perefrederic.ca\/?page_id=4280"},"modified":"2025-02-20T16:24:15","modified_gmt":"2025-02-20T21:24:15","slug":"exhibitions","status":"publish","type":"page","link":"https:\/\/musee.perefrederic.ca\/en\/exhibitions\/","title":{"rendered":"Exhibitions"},"content":{"rendered":"\t\t<div data-elementor-type=\"wp-page\" data-elementor-id=\"4280\" class=\"elementor elementor-4280 elementor-3345\" data-elementor-post-type=\"page\">\n\t\t\t\t\t\t<section class=\"elementor-section elementor-top-section elementor-element elementor-element-305d188 elementor-section-full_width elementor-section-height-min-height elementor-section-items-stretch elementor-section-height-default\" data-id=\"305d188\" data-element_type=\"section\" data-e-type=\"section\" data-settings=\"{&quot;background_background&quot;:&quot;classic&quot;}\">\n\t\t\t\t\t\t<div class=\"elementor-container elementor-column-gap-default\">\n\t\t\t\t\t<div class=\"elementor-column elementor-col-100 elementor-top-column elementor-element elementor-element-5688d93\" data-id=\"5688d93\" data-element_type=\"column\" data-e-type=\"column\">\n\t\t\t<div class=\"elementor-widget-wrap elementor-element-populated\">\n\t\t\t\t\t\t<div class=\"elementor-element elementor-element-19a7b36 elementor-widget elementor-widget-heading\" data-id=\"19a7b36\" data-element_type=\"widget\" data-e-type=\"widget\" data-widget_type=\"heading.default\">\n\t\t\t\t<div class=\"elementor-widget-container\">\n\t\t\t\t\t<h1 class=\"elementor-heading-title elementor-size-default\">Exhibitions<\/h1>\t\t\t\t<\/div>\n\t\t\t\t<\/div>\n\t\t\t\t\t<\/div>\n\t\t<\/div>\n\t\t\t\t\t<\/div>\n\t\t<\/section>\n\t\t\t\t<section class=\"elementor-section elementor-top-section elementor-element elementor-element-f92bf92 elementor-section-boxed elementor-section-height-default elementor-section-height-default\" data-id=\"f92bf92\" data-element_type=\"section\" data-e-type=\"section\">\n\t\t\t\t\t\t<div class=\"elementor-container elementor-column-gap-default\">\n\t\t\t\t\t<div class=\"elementor-column elementor-col-100 elementor-top-column elementor-element elementor-element-126da0c\" data-id=\"126da0c\" data-element_type=\"column\" data-e-type=\"column\">\n\t\t\t<div class=\"elementor-widget-wrap elementor-element-populated\">\n\t\t\t\t\t\t<div class=\"elementor-element elementor-element-0d7fe7c elementor-widget elementor-widget-heading\" data-id=\"0d7fe7c\" data-element_type=\"widget\" data-e-type=\"widget\" data-widget_type=\"heading.default\">\n\t\t\t\t<div class=\"elementor-widget-container\">\n\t\t\t\t\t<h2 class=\"elementor-heading-title elementor-size-default\">Permanent exhibitions<\/h2>\t\t\t\t<\/div>\n\t\t\t\t<\/div>\n\t\t\t\t<div class=\"elementor-element elementor-element-6be81ce elementor-widget elementor-widget-text-editor\" data-id=\"6be81ce\" data-element_type=\"widget\" data-e-type=\"widget\" data-widget_type=\"text-editor.default\">\n\t\t\t\t<div class=\"elementor-widget-container\">\n\t\t\t\t\t\t\t\t\t<p>Father Frederic was a devout Franciscan priest and an exceptional popular preacher who worked relentlessly to inspire awareness of and love for the Holy Land. He lived for over 25 years in Canada, where he died with a reputation for holiness in 1916. His body rests in Saint-Antoine Chapel, next to the Franciscan monastery in Trois-Rivi\u00e8res.<\/p>\t\t\t\t\t\t\t\t<\/div>\n\t\t\t\t<\/div>\n\t\t\t\t\t<\/div>\n\t\t<\/div>\n\t\t\t\t\t<\/div>\n\t\t<\/section>\n\t\t\t\t<section class=\"elementor-section elementor-top-section elementor-element elementor-element-f58b3ec elementor-section-full_width elementor-section-height-min-height elementor-section-items-stretch elementor-section-height-default\" data-id=\"f58b3ec\" data-element_type=\"section\" data-e-type=\"section\">\n\t\t\t\t\t\t<div class=\"elementor-container elementor-column-gap-default\">\n\t\t\t\t\t<div class=\"elementor-column elementor-col-33 elementor-top-column elementor-element elementor-element-7682c39\" data-id=\"7682c39\" data-element_type=\"column\" data-e-type=\"column\" data-settings=\"{&quot;background_background&quot;:&quot;classic&quot;}\">\n\t\t\t<div class=\"elementor-widget-wrap elementor-element-populated\">\n\t\t\t\t\t\t<div class=\"elementor-element elementor-element-b644a08 elementor-widget elementor-widget-heading\" data-id=\"b644a08\" data-element_type=\"widget\" data-e-type=\"widget\" data-widget_type=\"heading.default\">\n\t\t\t\t<div class=\"elementor-widget-container\">\n\t\t\t\t\t<h2 class=\"elementor-heading-title elementor-size-default\">The land of his childhood: France, 1838-1876<\/h2>\t\t\t\t<\/div>\n\t\t\t\t<\/div>\n\t\t\t\t<div class=\"elementor-element elementor-element-ba8c05f elementor-widget elementor-widget-heading\" data-id=\"ba8c05f\" data-element_type=\"widget\" data-e-type=\"widget\" data-widget_type=\"heading.default\">\n\t\t\t\t<div class=\"elementor-widget-container\">\n\t\t\t\t\t<h3 class=\"elementor-heading-title elementor-size-default\">Part 1<\/h3>\t\t\t\t<\/div>\n\t\t\t\t<\/div>\n\t\t\t\t<div class=\"elementor-element elementor-element-96f09f4 elementor-align-center elementor-widget elementor-widget-button\" data-id=\"96f09f4\" data-element_type=\"widget\" data-e-type=\"widget\" data-widget_type=\"button.default\">\n\t\t\t\t<div class=\"elementor-widget-container\">\n\t\t\t\t\t\t\t\t\t<div class=\"elementor-button-wrapper\">\n\t\t\t\t\t<a class=\"elementor-button elementor-button-link elementor-size-lg elementor-animation-shrink\" href=\"https:\/\/musee.perefrederic.ca\/en\/exhibitions\/the-land-of-his-childhood-1838-1876\/\">\n\t\t\t\t\t\t<span class=\"elementor-button-content-wrapper\">\n\t\t\t\t\t\t\t\t\t<span class=\"elementor-button-text\">Read more<\/span>\n\t\t\t\t\t<\/span>\n\t\t\t\t\t<\/a>\n\t\t\t\t<\/div>\n\t\t\t\t\t\t\t\t<\/div>\n\t\t\t\t<\/div>\n\t\t\t\t\t<\/div>\n\t\t<\/div>\n\t\t\t\t<div class=\"elementor-column elementor-col-33 elementor-top-column elementor-element elementor-element-b860ef3\" data-id=\"b860ef3\" data-element_type=\"column\" data-e-type=\"column\" data-settings=\"{&quot;background_background&quot;:&quot;classic&quot;}\">\n\t\t\t<div class=\"elementor-widget-wrap elementor-element-populated\">\n\t\t\t\t\t\t<div class=\"elementor-element elementor-element-2ab8d67 elementor-widget elementor-widget-heading\" data-id=\"2ab8d67\" data-element_type=\"widget\" data-e-type=\"widget\" data-widget_type=\"heading.default\">\n\t\t\t\t<div class=\"elementor-widget-container\">\n\t\t\t\t\t<h2 class=\"elementor-heading-title elementor-size-default\">His chosen home: Palestine 1876-1888<\/h2>\t\t\t\t<\/div>\n\t\t\t\t<\/div>\n\t\t\t\t<div class=\"elementor-element elementor-element-3fad685 elementor-widget elementor-widget-heading\" data-id=\"3fad685\" data-element_type=\"widget\" data-e-type=\"widget\" data-widget_type=\"heading.default\">\n\t\t\t\t<div class=\"elementor-widget-container\">\n\t\t\t\t\t<h3 class=\"elementor-heading-title elementor-size-default\">Part 2<\/h3>\t\t\t\t<\/div>\n\t\t\t\t<\/div>\n\t\t\t\t<div class=\"elementor-element elementor-element-f629fee elementor-align-center elementor-widget elementor-widget-button\" data-id=\"f629fee\" data-element_type=\"widget\" data-e-type=\"widget\" data-widget_type=\"button.default\">\n\t\t\t\t<div class=\"elementor-widget-container\">\n\t\t\t\t\t\t\t\t\t<div class=\"elementor-button-wrapper\">\n\t\t\t\t\t<a class=\"elementor-button elementor-button-link elementor-size-lg elementor-animation-shrink\" href=\"https:\/\/musee.perefrederic.ca\/en\/exhibitions\/his-chosen-home-palestine-1876-1888\/\">\n\t\t\t\t\t\t<span class=\"elementor-button-content-wrapper\">\n\t\t\t\t\t\t\t\t\t<span class=\"elementor-button-text\">Read more<\/span>\n\t\t\t\t\t<\/span>\n\t\t\t\t\t<\/a>\n\t\t\t\t<\/div>\n\t\t\t\t\t\t\t\t<\/div>\n\t\t\t\t<\/div>\n\t\t\t\t\t<\/div>\n\t\t<\/div>\n\t\t\t\t<div class=\"elementor-column elementor-col-33 elementor-top-column elementor-element elementor-element-3bf9dbc\" data-id=\"3bf9dbc\" data-element_type=\"column\" data-e-type=\"column\" data-settings=\"{&quot;background_background&quot;:&quot;classic&quot;}\">\n\t\t\t<div class=\"elementor-widget-wrap elementor-element-populated\">\n\t\t\t\t\t\t<div class=\"elementor-element elementor-element-3c20328 elementor-widget elementor-widget-heading\" data-id=\"3c20328\" data-element_type=\"widget\" data-e-type=\"widget\" data-widget_type=\"heading.default\">\n\t\t\t\t<div class=\"elementor-widget-container\">\n\t\t\t\t\t<h2 class=\"elementor-heading-title elementor-size-default\">His adopted country: Canada 1888-1916<\/h2>\t\t\t\t<\/div>\n\t\t\t\t<\/div>\n\t\t\t\t<div class=\"elementor-element elementor-element-f93f366 elementor-widget elementor-widget-heading\" data-id=\"f93f366\" data-element_type=\"widget\" data-e-type=\"widget\" data-widget_type=\"heading.default\">\n\t\t\t\t<div class=\"elementor-widget-container\">\n\t\t\t\t\t<h3 class=\"elementor-heading-title elementor-size-default\">Part 3<\/h3>\t\t\t\t<\/div>\n\t\t\t\t<\/div>\n\t\t\t\t<div class=\"elementor-element elementor-element-e548613 elementor-align-center elementor-widget elementor-widget-button\" data-id=\"e548613\" data-element_type=\"widget\" data-e-type=\"widget\" data-widget_type=\"button.default\">\n\t\t\t\t<div class=\"elementor-widget-container\">\n\t\t\t\t\t\t\t\t\t<div class=\"elementor-button-wrapper\">\n\t\t\t\t\t<a class=\"elementor-button elementor-button-link elementor-size-lg elementor-animation-shrink\" href=\"https:\/\/musee.perefrederic.ca\/en\/exhibitions\/his-adopted-country-canada-1888-1916\/\">\n\t\t\t\t\t\t<span class=\"elementor-button-content-wrapper\">\n\t\t\t\t\t\t\t\t\t<span class=\"elementor-button-text\">Read more<\/span>\n\t\t\t\t\t<\/span>\n\t\t\t\t\t<\/a>\n\t\t\t\t<\/div>\n\t\t\t\t\t\t\t\t<\/div>\n\t\t\t\t<\/div>\n\t\t\t\t\t<\/div>\n\t\t<\/div>\n\t\t\t\t\t<\/div>\n\t\t<\/section>\n\t\t\t\t<\/div>\n\t\t","protected":false},"excerpt":{"rendered":"<p>Exhibitions Permanent exhibitions Father Frederic was a devout Franciscan priest and an exceptional popular preacher who worked relentlessly to inspire awareness of and love for the Holy Land. He lived for over 25 years in Canada, where he died with a reputation for holiness in 1916. His body rests in Saint-Antoine Chapel, next to the [&hellip;]<\/p>\n","protected":false},"author":1,"featured_media":0,"parent":0,"menu_order":0,"comment_status":"closed","ping_status":"closed","template":"","meta":{"_acf_changed":false,"site-sidebar-layout":"no-sidebar","site-content-layout":"page-builder","ast-site-content-layout":"default","site-content-style":"default","site-sidebar-style":"default","ast-global-header-display":"","ast-banner-title-visibility":"","ast-main-header-display":"disabled","ast-hfb-above-header-display":"","ast-hfb-below-header-display":"","ast-hfb-mobile-header-display":"disabled","site-post-title":"disabled","ast-breadcrumbs-content":"disabled","ast-featured-img":"disabled","footer-sml-layout":"disabled","ast-disable-related-posts":"","theme-transparent-header-meta":"default","adv-header-id-meta":"","stick-header-meta":"","header-above-stick-meta":"","header-main-stick-meta":"","header-below-stick-meta":"","astra-migrate-meta-layouts":"default","ast-page-background-enabled":"default","ast-page-background-meta":{"desktop":{"background-color":"","background-image":"","background-repeat":"repeat","background-position":"center center","background-size":"auto","background-attachment":"scroll","background-type":"","background-media":"","overlay-type":"","overlay-color":"","overlay-opacity":"","overlay-gradient":""},"tablet":{"background-color":"","background-image":"","background-repeat":"repeat","background-position":"center center","background-size":"auto","background-attachment":"scroll","background-type":"","background-media":"","overlay-type":"","overlay-color":"","overlay-opacity":"","overlay-gradient":""},"mobile":{"background-color":"","background-image":"","background-repeat":"repeat","background-position":"center center","background-size":"auto","background-attachment":"scroll","background-type":"","background-media":"","overlay-type":"","overlay-color":"","overlay-opacity":"","overlay-gradient":""}},"ast-content-background-meta":{"desktop":{"background-color":"var(--ast-global-color-5)","background-image":"","background-repeat":"repeat","background-position":"center center","background-size":"auto","background-attachment":"scroll","background-type":"","background-media":"","overlay-type":"","overlay-color":"","overlay-opacity":"","overlay-gradient":""},"tablet":{"background-color":"var(--ast-global-color-5)","background-image":"","background-repeat":"repeat","background-position":"center center","background-size":"auto","background-attachment":"scroll","background-type":"","background-media":"","overlay-type":"","overlay-color":"","overlay-opacity":"","overlay-gradient":""},"mobile":{"background-color":"var(--ast-global-color-5)","background-image":"","background-repeat":"repeat","background-position":"center center","background-size":"auto","background-attachment":"scroll","background-type":"","background-media":"","overlay-type":"","overlay-color":"","overlay-opacity":"","overlay-gradient":""}},"footnotes":""},"class_list":["post-4280","page","type-page","status-publish","hentry"],"acf":[],"yoast_head":"<!-- This site is optimized with the Yoast SEO plugin v27.4 - https:\/\/yoast.com\/product\/yoast-seo-wordpress\/ -->\n<title>Exhibitions - Mus\u00e9e du Bon P\u00e8re Fr\u00e9d\u00e9ric<\/title>\n<meta name=\"description\" content=\"Exhibitions Permanent exhibitions Father Frederic was a devout Franciscan priest and an exceptional popular preacher who worked relentlessly to inspire\" \/>\n<meta name=\"robots\" content=\"index, follow, max-snippet:-1, max-image-preview:large, max-video-preview:-1\" \/>\n<link rel=\"canonical\" href=\"https:\/\/musee.perefrederic.ca\/collection\/\" \/>\n<meta property=\"og:locale\" content=\"en_US\" \/>\n<meta property=\"og:type\" content=\"article\" \/>\n<meta property=\"og:title\" content=\"Exhibitions - Mus\u00e9e du Bon P\u00e8re Fr\u00e9d\u00e9ric\" \/>\n<meta property=\"og:description\" content=\"Exhibitions Permanent exhibitions Father Frederic was a devout Franciscan priest and an exceptional popular preacher who worked relentlessly to inspire\" \/>\n<meta property=\"og:url\" content=\"https:\/\/musee.perefrederic.ca\/collection\/\" \/>\n<meta property=\"og:site_name\" content=\"Mus\u00e9e du Bon P\u00e8re Fr\u00e9d\u00e9ric\" \/>\n<meta property=\"article:modified_time\" content=\"2025-02-20T21:24:15+00:00\" \/>\n<meta property=\"og:image\" content=\"https:\/\/musee.perefrederic.ca\/wp-content\/uploads\/2021\/08\/Bon-Pere-Frederic-Logo.jpg\" \/>\n\t<meta property=\"og:image:width\" content=\"1200\" \/>\n\t<meta property=\"og:image:height\" content=\"630\" \/>\n\t<meta property=\"og:image:type\" content=\"image\/jpeg\" \/>\n<meta name=\"twitter:card\" content=\"summary_large_image\" \/>\n<meta name=\"twitter:label1\" content=\"Est. reading time\" \/>\n\t<meta name=\"twitter:data1\" content=\"1 minute\" \/>\n<script type=\"application\/ld+json\" class=\"yoast-schema-graph\">{\"@context\":\"https:\\\/\\\/schema.org\",\"@graph\":[{\"@type\":\"WebPage\",\"@id\":\"https:\\\/\\\/musee.perefrederic.ca\\\/collection\\\/\",\"url\":\"https:\\\/\\\/musee.perefrederic.ca\\\/collection\\\/\",\"name\":\"Exhibitions - Mus\u00e9e du Bon P\u00e8re Fr\u00e9d\u00e9ric\",\"isPartOf\":{\"@id\":\"https:\\\/\\\/musee.perefrederic.ca\\\/#website\"},\"datePublished\":\"2021-11-19T21:07:11+00:00\",\"dateModified\":\"2025-02-20T21:24:15+00:00\",\"description\":\"Exhibitions Permanent exhibitions Father Frederic was a devout Franciscan priest and an exceptional popular preacher who worked relentlessly to inspire\",\"breadcrumb\":{\"@id\":\"https:\\\/\\\/musee.perefrederic.ca\\\/collection\\\/#breadcrumb\"},\"inLanguage\":\"en-US\",\"potentialAction\":[{\"@type\":\"ReadAction\",\"target\":[\"https:\\\/\\\/musee.perefrederic.ca\\\/collection\\\/\"]}]},{\"@type\":\"BreadcrumbList\",\"@id\":\"https:\\\/\\\/musee.perefrederic.ca\\\/collection\\\/#breadcrumb\",\"itemListElement\":[{\"@type\":\"ListItem\",\"position\":1,\"name\":\"Accueil\",\"item\":\"https:\\\/\\\/musee.perefrederic.ca\\\/en\\\/\"},{\"@type\":\"ListItem\",\"position\":2,\"name\":\"Exhibitions\"}]},{\"@type\":\"WebSite\",\"@id\":\"https:\\\/\\\/musee.perefrederic.ca\\\/#website\",\"url\":\"https:\\\/\\\/musee.perefrederic.ca\\\/\",\"name\":\"Mus\u00e9e du Bon P\u00e8re Fr\u00e9d\u00e9ric\",\"description\":\"D\u00e9couvrez l\u2019homme et son histoire\",\"publisher\":{\"@id\":\"https:\\\/\\\/musee.perefrederic.ca\\\/#organization\"},\"potentialAction\":[{\"@type\":\"SearchAction\",\"target\":{\"@type\":\"EntryPoint\",\"urlTemplate\":\"https:\\\/\\\/musee.perefrederic.ca\\\/?s={search_term_string}\"},\"query-input\":{\"@type\":\"PropertyValueSpecification\",\"valueRequired\":true,\"valueName\":\"search_term_string\"}}],\"inLanguage\":\"en-US\"},{\"@type\":\"Organization\",\"@id\":\"https:\\\/\\\/musee.perefrederic.ca\\\/#organization\",\"name\":\"Mus\u00e9e du Bon P\u00e8re Fr\u00e9d\u00e9ric\",\"url\":\"https:\\\/\\\/musee.perefrederic.ca\\\/\",\"logo\":{\"@type\":\"ImageObject\",\"inLanguage\":\"en-US\",\"@id\":\"https:\\\/\\\/musee.perefrederic.ca\\\/#\\\/schema\\\/logo\\\/image\\\/\",\"url\":\"https:\\\/\\\/musee.perefrederic.ca\\\/wp-content\\\/uploads\\\/2021\\\/04\\\/logo-home-dark.png\",\"contentUrl\":\"https:\\\/\\\/musee.perefrederic.ca\\\/wp-content\\\/uploads\\\/2021\\\/04\\\/logo-home-dark.png\",\"width\":354,\"height\":282,\"caption\":\"Mus\u00e9e du Bon P\u00e8re Fr\u00e9d\u00e9ric\"},\"image\":{\"@id\":\"https:\\\/\\\/musee.perefrederic.ca\\\/#\\\/schema\\\/logo\\\/image\\\/\"}}]}<\/script>\n<!-- \/ Yoast SEO plugin. -->","yoast_head_json":{"title":"Exhibitions - Mus\u00e9e du Bon P\u00e8re Fr\u00e9d\u00e9ric","description":"Exhibitions Permanent exhibitions Father Frederic was a devout Franciscan priest and an exceptional popular preacher who worked relentlessly to inspire","robots":{"index":"index","follow":"follow","max-snippet":"max-snippet:-1","max-image-preview":"max-image-preview:large","max-video-preview":"max-video-preview:-1"},"canonical":"https:\/\/musee.perefrederic.ca\/collection\/","og_locale":"en_US","og_type":"article","og_title":"Exhibitions - Mus\u00e9e du Bon P\u00e8re Fr\u00e9d\u00e9ric","og_description":"Exhibitions Permanent exhibitions Father Frederic was a devout Franciscan priest and an exceptional popular preacher who worked relentlessly to inspire","og_url":"https:\/\/musee.perefrederic.ca\/collection\/","og_site_name":"Mus\u00e9e du Bon P\u00e8re Fr\u00e9d\u00e9ric","article_modified_time":"2025-02-20T21:24:15+00:00","og_image":[{"width":1200,"height":630,"url":"https:\/\/musee.perefrederic.ca\/wp-content\/uploads\/2021\/08\/Bon-Pere-Frederic-Logo.jpg","type":"image\/jpeg"}],"twitter_card":"summary_large_image","twitter_misc":{"Est. reading time":"1 minute"},"schema":{"@context":"https:\/\/schema.org","@graph":[{"@type":"WebPage","@id":"https:\/\/musee.perefrederic.ca\/collection\/","url":"https:\/\/musee.perefrederic.ca\/collection\/","name":"Exhibitions - Mus\u00e9e du Bon P\u00e8re Fr\u00e9d\u00e9ric","isPartOf":{"@id":"https:\/\/musee.perefrederic.ca\/#website"},"datePublished":"2021-11-19T21:07:11+00:00","dateModified":"2025-02-20T21:24:15+00:00","description":"Exhibitions Permanent exhibitions Father Frederic was a devout Franciscan priest and an exceptional popular preacher who worked relentlessly to inspire","breadcrumb":{"@id":"https:\/\/musee.perefrederic.ca\/collection\/#breadcrumb"},"inLanguage":"en-US","potentialAction":[{"@type":"ReadAction","target":["https:\/\/musee.perefrederic.ca\/collection\/"]}]},{"@type":"BreadcrumbList","@id":"https:\/\/musee.perefrederic.ca\/collection\/#breadcrumb","itemListElement":[{"@type":"ListItem","position":1,"name":"Accueil","item":"https:\/\/musee.perefrederic.ca\/en\/"},{"@type":"ListItem","position":2,"name":"Exhibitions"}]},{"@type":"WebSite","@id":"https:\/\/musee.perefrederic.ca\/#website","url":"https:\/\/musee.perefrederic.ca\/","name":"Mus\u00e9e du Bon P\u00e8re Fr\u00e9d\u00e9ric","description":"D\u00e9couvrez l\u2019homme et son histoire","publisher":{"@id":"https:\/\/musee.perefrederic.ca\/#organization"},"potentialAction":[{"@type":"SearchAction","target":{"@type":"EntryPoint","urlTemplate":"https:\/\/musee.perefrederic.ca\/?s={search_term_string}"},"query-input":{"@type":"PropertyValueSpecification","valueRequired":true,"valueName":"search_term_string"}}],"inLanguage":"en-US"},{"@type":"Organization","@id":"https:\/\/musee.perefrederic.ca\/#organization","name":"Mus\u00e9e du Bon P\u00e8re Fr\u00e9d\u00e9ric","url":"https:\/\/musee.perefrederic.ca\/","logo":{"@type":"ImageObject","inLanguage":"en-US","@id":"https:\/\/musee.perefrederic.ca\/#\/schema\/logo\/image\/","url":"https:\/\/musee.perefrederic.ca\/wp-content\/uploads\/2021\/04\/logo-home-dark.png","contentUrl":"https:\/\/musee.perefrederic.ca\/wp-content\/uploads\/2021\/04\/logo-home-dark.png","width":354,"height":282,"caption":"Mus\u00e9e du Bon P\u00e8re Fr\u00e9d\u00e9ric"},"image":{"@id":"https:\/\/musee.perefrederic.ca\/#\/schema\/logo\/image\/"}}]}},"_links":{"self":[{"href":"https:\/\/musee.perefrederic.ca\/en\/wp-json\/wp\/v2\/pages\/4280","targetHints":{"allow":["GET"]}}],"collection":[{"href":"https:\/\/musee.perefrederic.ca\/en\/wp-json\/wp\/v2\/pages"}],"about":[{"href":"https:\/\/musee.perefrederic.ca\/en\/wp-json\/wp\/v2\/types\/page"}],"author":[{"embeddable":true,"href":"https:\/\/musee.perefrederic.ca\/en\/wp-json\/wp\/v2\/users\/1"}],"replies":[{"embeddable":true,"href":"https:\/\/musee.perefrederic.ca\/en\/wp-json\/wp\/v2\/comments?post=4280"}],"version-history":[{"count":8,"href":"https:\/\/musee.perefrederic.ca\/en\/wp-json\/wp\/v2\/pages\/4280\/revisions"}],"predecessor-version":[{"id":6122,"href":"https:\/\/musee.perefrederic.ca\/en\/wp-json\/wp\/v2\/pages\/4280\/revisions\/6122"}],"wp:attachment":[{"href":"https:\/\/musee.perefrederic.ca\/en\/wp-json\/wp\/v2\/media?parent=4280"}],"curies":[{"name":"wp","href":"https:\/\/api.w.org\/{rel}","templated":true}]}}