{"id":4328,"date":"2021-11-22T11:26:26","date_gmt":"2021-11-22T16:26:26","guid":{"rendered":"https:\/\/musee.perefrederic.ca\/?page_id=4328"},"modified":"2021-11-22T11:40:22","modified_gmt":"2021-11-22T16:40:22","slug":"the-chapel","status":"publish","type":"page","link":"https:\/\/musee.perefrederic.ca\/en\/the-chapel\/","title":{"rendered":"The Chapel"},"content":{"rendered":"\t\t<div data-elementor-type=\"wp-page\" data-elementor-id=\"4328\" class=\"elementor elementor-4328 elementor-3539\" data-elementor-post-type=\"page\">\n\t\t\t\t\t\t<section class=\"elementor-section elementor-top-section elementor-element elementor-element-51c14e6 elementor-section-full_width elementor-section-height-min-height elementor-section-items-stretch elementor-section-height-default\" data-id=\"51c14e6\" data-element_type=\"section\" data-e-type=\"section\" data-settings=\"{&quot;background_background&quot;:&quot;classic&quot;}\">\n\t\t\t\t\t\t<div class=\"elementor-container elementor-column-gap-default\">\n\t\t\t\t\t<div class=\"elementor-column elementor-col-100 elementor-top-column elementor-element elementor-element-5f20619\" data-id=\"5f20619\" data-element_type=\"column\" data-e-type=\"column\">\n\t\t\t<div class=\"elementor-widget-wrap elementor-element-populated\">\n\t\t\t\t\t\t\t<\/div>\n\t\t<\/div>\n\t\t\t\t\t<\/div>\n\t\t<\/section>\n\t\t\t\t<section class=\"elementor-section elementor-top-section elementor-element elementor-element-4e593c6 elementor-section-boxed elementor-section-height-default elementor-section-height-default\" data-id=\"4e593c6\" data-element_type=\"section\" data-e-type=\"section\">\n\t\t\t\t\t\t<div class=\"elementor-container elementor-column-gap-default\">\n\t\t\t\t\t<div class=\"elementor-column elementor-col-100 elementor-top-column elementor-element elementor-element-accf642\" data-id=\"accf642\" data-element_type=\"column\" data-e-type=\"column\">\n\t\t\t<div class=\"elementor-widget-wrap elementor-element-populated\">\n\t\t\t\t\t\t<div class=\"elementor-element elementor-element-5cbb11c elementor-widget elementor-widget-text-editor\" data-id=\"5cbb11c\" data-element_type=\"widget\" data-e-type=\"widget\" data-widget_type=\"text-editor.default\">\n\t\t\t\t<div class=\"elementor-widget-container\">\n\t\t\t\t\t\t\t\t\t<p>Saint-Antoine Chapel, located at the corner of rue Laviolette and boulevard Saint-Maurice, is a place for adoration and perpetual prayer for PEACE IN THE HOLY LAND.<\/p>\t\t\t\t\t\t\t\t<\/div>\n\t\t\t\t<\/div>\n\t\t\t\t<div class=\"elementor-element elementor-element-8ffbfce elementor-widget elementor-widget-image\" data-id=\"8ffbfce\" data-element_type=\"widget\" data-e-type=\"widget\" data-widget_type=\"image.default\">\n\t\t\t\t<div class=\"elementor-widget-container\">\n\t\t\t\t\t\t\t\t\t\t\t\t\t\t\t<img fetchpriority=\"high\" decoding=\"async\" width=\"1024\" height=\"992\" src=\"https:\/\/musee.perefrederic.ca\/wp-content\/uploads\/2021\/05\/Chapelle-1024x992.jpg\" class=\"attachment-large size-large wp-image-4164\" alt=\"\" srcset=\"https:\/\/musee.perefrederic.ca\/wp-content\/uploads\/2021\/05\/Chapelle-1024x992.jpg 1024w, https:\/\/musee.perefrederic.ca\/wp-content\/uploads\/2021\/05\/Chapelle-300x291.jpg 300w, https:\/\/musee.perefrederic.ca\/wp-content\/uploads\/2021\/05\/Chapelle-768x744.jpg 768w, https:\/\/musee.perefrederic.ca\/wp-content\/uploads\/2021\/05\/Chapelle-1536x1488.jpg 1536w, https:\/\/musee.perefrederic.ca\/wp-content\/uploads\/2021\/05\/Chapelle-600x581.jpg 600w, https:\/\/musee.perefrederic.ca\/wp-content\/uploads\/2021\/05\/Chapelle.jpg 1920w\" sizes=\"(max-width: 1024px) 100vw, 1024px\" \/>\t\t\t\t\t\t\t\t\t\t\t\t\t\t\t<\/div>\n\t\t\t\t<\/div>\n\t\t\t\t<div class=\"elementor-element elementor-element-1576dfe elementor-widget elementor-widget-heading\" data-id=\"1576dfe\" data-element_type=\"widget\" data-e-type=\"widget\" data-widget_type=\"heading.default\">\n\t\t\t\t<div class=\"elementor-widget-container\">\n\t\t\t\t\t<h3 class=\"elementor-heading-title elementor-size-default\">History<\/h3>\t\t\t\t<\/div>\n\t\t\t\t<\/div>\n\t\t\t\t<div class=\"elementor-element elementor-element-7cef20a elementor-widget elementor-widget-text-editor\" data-id=\"7cef20a\" data-element_type=\"widget\" data-e-type=\"widget\" data-widget_type=\"text-editor.default\">\n\t\t\t\t<div class=\"elementor-widget-container\">\n\t\t\t\t\t\t\t\t\t<p>On August 9, 1888, the Bishop of Trois-Rivi\u00e8res, Bishop Lafl\u00e8che, gave Father Frederic a small piece of land for the construction of the Commissariat.<\/p><p>Pierre Beaumier, a farmer from Cap-de-la-Madeleine, was responsible for the construction. Work began on August 27, 1888. The two-storey modest Franciscan house had 11 rooms, including a chapel where relics from the Holy Land that Father Frederic had brought were displayed. This small Commissariat was opened on September 12, 1889. A convent would be added to it in 1903. It would welcome a small Franciscan community, marking the official return of the Franciscans, who had been absent from Canada since the R\u00e9collets were expelled after the British conquest in the 1700s.<\/p>\t\t\t\t\t\t\t\t<\/div>\n\t\t\t\t<\/div>\n\t\t\t\t<div class=\"elementor-element elementor-element-e430aa2 elementor-widget elementor-widget-image\" data-id=\"e430aa2\" data-element_type=\"widget\" data-e-type=\"widget\" data-widget_type=\"image.default\">\n\t\t\t\t<div class=\"elementor-widget-container\">\n\t\t\t\t\t\t\t\t\t\t\t\t\t\t\t<img decoding=\"async\" width=\"1024\" height=\"576\" src=\"https:\/\/musee.perefrederic.ca\/wp-content\/uploads\/2021\/06\/Image1.photo-commissariat-couvent-1-1024x576.jpg\" class=\"attachment-large size-large wp-image-4187\" alt=\"\" srcset=\"https:\/\/musee.perefrederic.ca\/wp-content\/uploads\/2021\/06\/Image1.photo-commissariat-couvent-1-1024x576.jpg 1024w, https:\/\/musee.perefrederic.ca\/wp-content\/uploads\/2021\/06\/Image1.photo-commissariat-couvent-1-300x169.jpg 300w, https:\/\/musee.perefrederic.ca\/wp-content\/uploads\/2021\/06\/Image1.photo-commissariat-couvent-1-768x432.jpg 768w, https:\/\/musee.perefrederic.ca\/wp-content\/uploads\/2021\/06\/Image1.photo-commissariat-couvent-1-600x338.jpg 600w, https:\/\/musee.perefrederic.ca\/wp-content\/uploads\/2021\/06\/Image1.photo-commissariat-couvent-1.jpg 1200w\" sizes=\"(max-width: 1024px) 100vw, 1024px\" \/>\t\t\t\t\t\t\t\t\t\t\t\t\t\t\t<\/div>\n\t\t\t\t<\/div>\n\t\t\t\t<div class=\"elementor-element elementor-element-2d93ec5 elementor-widget elementor-widget-text-editor\" data-id=\"2d93ec5\" data-element_type=\"widget\" data-e-type=\"widget\" data-widget_type=\"text-editor.default\">\n\t\t\t\t<div class=\"elementor-widget-container\">\n\t\t\t\t\t\t\t\t\t<p>First Commissariat of the Holy Land in Canada and Franciscan Convent, Father Frederic Museum Collection.<\/p>\t\t\t\t\t\t\t\t<\/div>\n\t\t\t\t<\/div>\n\t\t\t\t<div class=\"elementor-element elementor-element-f18a0c1 elementor-widget elementor-widget-text-editor\" data-id=\"f18a0c1\" data-element_type=\"widget\" data-e-type=\"widget\" data-widget_type=\"text-editor.default\">\n\t\t\t\t<div class=\"elementor-widget-container\">\n\t\t\t\t\t\t\t\t\t<p>In June 1906, construction began on Saint-Antoine Chapel, adjoining the convent of the same name. This Roman-style chapel was designed using the plans drawn up by Father Frederic and the architects Daoust and Lafond. It was built thanks to the alms Father Frederic collected in the 67 parishes of the Trois-Rivi\u00e8res diocese. The chapel was inaugurated and blessed by Bishop Fran\u00e7ois-Xavier Cloutier on May 5, 1907. Good Father Frederic prayed there, presided at the Eucharist and welcomed many people who were in distress.<\/p><p>In 1911, Notre-Dame-des-Sept-All\u00e9gresses Parish was founded and given to the Franciscans. The convent\u2019s Saint-Antoine Chapel served as the parish church for the faithful until the new church was ready.<\/p><p>When Good Father Frederic died in 1916, his body was placed under a black stone slab at the front of the central aisle of the church. Since his beatification in 1988, his body rests in an apse, located to the left, that was built to house his tomb.<\/p>\t\t\t\t\t\t\t\t<\/div>\n\t\t\t\t<\/div>\n\t\t\t\t<div class=\"elementor-element elementor-element-8339e99 elementor-widget elementor-widget-image\" data-id=\"8339e99\" data-element_type=\"widget\" data-e-type=\"widget\" data-widget_type=\"image.default\">\n\t\t\t\t<div class=\"elementor-widget-container\">\n\t\t\t\t\t\t\t\t\t\t\t\t\t\t\t<img decoding=\"async\" width=\"625\" height=\"1024\" src=\"https:\/\/musee.perefrederic.ca\/wp-content\/uploads\/2021\/05\/Tombeau-PF-625x1024.jpg\" class=\"attachment-large size-large wp-image-4169\" alt=\"\" srcset=\"https:\/\/musee.perefrederic.ca\/wp-content\/uploads\/2021\/05\/Tombeau-PF-625x1024.jpg 625w, https:\/\/musee.perefrederic.ca\/wp-content\/uploads\/2021\/05\/Tombeau-PF-183x300.jpg 183w, https:\/\/musee.perefrederic.ca\/wp-content\/uploads\/2021\/05\/Tombeau-PF-768x1257.jpg 768w, https:\/\/musee.perefrederic.ca\/wp-content\/uploads\/2021\/05\/Tombeau-PF-938x1536.jpg 938w, https:\/\/musee.perefrederic.ca\/wp-content\/uploads\/2021\/05\/Tombeau-PF-1251x2048.jpg 1251w, https:\/\/musee.perefrederic.ca\/wp-content\/uploads\/2021\/05\/Tombeau-PF-600x982.jpg 600w, https:\/\/musee.perefrederic.ca\/wp-content\/uploads\/2021\/05\/Tombeau-PF.jpg 1173w\" sizes=\"(max-width: 625px) 100vw, 625px\" \/>\t\t\t\t\t\t\t\t\t\t\t\t\t\t\t<\/div>\n\t\t\t\t<\/div>\n\t\t\t\t<div class=\"elementor-element elementor-element-6da825f elementor-widget elementor-widget-text-editor\" data-id=\"6da825f\" data-element_type=\"widget\" data-e-type=\"widget\" data-widget_type=\"text-editor.default\">\n\t\t\t\t<div class=\"elementor-widget-container\">\n\t\t\t\t\t\t\t\t\t<p>After Vatican II (1962-1965), the chapel was redesigned. All the furniture was replaced, and the statues were removed. In 1977, D. Pouliot was responsible for the chapel\u2019s stained glass.<\/p><p>The chapel is still maintained by the Franciscans. Every year they welcome thousands of visitors who come to reflect, pray and ask for favours at Father Frederic\u2019s tomb.<\/p>\t\t\t\t\t\t\t\t<\/div>\n\t\t\t\t<\/div>\n\t\t\t\t<section class=\"elementor-section elementor-inner-section elementor-element elementor-element-32154f3 elementor-section-full_width elementor-section-height-default elementor-section-height-default\" data-id=\"32154f3\" data-element_type=\"section\" data-e-type=\"section\">\n\t\t\t\t\t\t<div class=\"elementor-container elementor-column-gap-default\">\n\t\t\t\t\t<div class=\"elementor-column elementor-col-66 elementor-inner-column elementor-element elementor-element-3bfb631\" data-id=\"3bfb631\" data-element_type=\"column\" data-e-type=\"column\">\n\t\t\t<div class=\"elementor-widget-wrap elementor-element-populated\">\n\t\t\t\t\t\t<div class=\"elementor-element elementor-element-461cee2 elementor-widget elementor-widget-heading\" data-id=\"461cee2\" data-element_type=\"widget\" data-e-type=\"widget\" data-widget_type=\"heading.default\">\n\t\t\t\t<div class=\"elementor-widget-container\">\n\t\t\t\t\t<h3 class=\"elementor-heading-title elementor-size-default\">Eucharistic celebrations<\/h3>\t\t\t\t<\/div>\n\t\t\t\t<\/div>\n\t\t\t\t<div class=\"elementor-element elementor-element-4091c31 elementor-widget elementor-widget-text-editor\" data-id=\"4091c31\" data-element_type=\"widget\" data-e-type=\"widget\" data-widget_type=\"text-editor.default\">\n\t\t\t\t<div class=\"elementor-widget-container\">\n\t\t\t\t\t\t\t\t\t<ul><li>Tuesday, Thursday and Saturday at 10:30 a.m.<\/li><li>Sunday at 11:00 a.m.<strong><br \/><\/strong><\/li><\/ul><p>The doors are opened 30 minutes before the celebration begins.<br \/><em>*Visitors must wear a mask.<\/em><\/p>\t\t\t\t\t\t\t\t<\/div>\n\t\t\t\t<\/div>\n\t\t\t\t\t<\/div>\n\t\t<\/div>\n\t\t\t\t<div class=\"elementor-column elementor-col-33 elementor-inner-column elementor-element elementor-element-bdc573e\" data-id=\"bdc573e\" data-element_type=\"column\" data-e-type=\"column\">\n\t\t\t<div class=\"elementor-widget-wrap elementor-element-populated\">\n\t\t\t\t\t\t<div class=\"elementor-element elementor-element-51f2382 elementor-widget elementor-widget-image\" data-id=\"51f2382\" data-element_type=\"widget\" data-e-type=\"widget\" data-widget_type=\"image.default\">\n\t\t\t\t<div class=\"elementor-widget-container\">\n\t\t\t\t\t\t\t\t\t\t\t\t\t\t\t<img loading=\"lazy\" decoding=\"async\" width=\"1024\" height=\"769\" src=\"https:\/\/musee.perefrederic.ca\/wp-content\/uploads\/2021\/05\/clocher-chapelle-1024x769.jpg\" class=\"attachment-large size-large wp-image-4163\" alt=\"\" srcset=\"https:\/\/musee.perefrederic.ca\/wp-content\/uploads\/2021\/05\/clocher-chapelle-1024x769.jpg 1024w, https:\/\/musee.perefrederic.ca\/wp-content\/uploads\/2021\/05\/clocher-chapelle-300x225.jpg 300w, https:\/\/musee.perefrederic.ca\/wp-content\/uploads\/2021\/05\/clocher-chapelle-768x577.jpg 768w, https:\/\/musee.perefrederic.ca\/wp-content\/uploads\/2021\/05\/clocher-chapelle-1536x1153.jpg 1536w, https:\/\/musee.perefrederic.ca\/wp-content\/uploads\/2021\/05\/clocher-chapelle-2048x1538.jpg 2048w, https:\/\/musee.perefrederic.ca\/wp-content\/uploads\/2021\/05\/clocher-chapelle-600x450.jpg 600w, https:\/\/musee.perefrederic.ca\/wp-content\/uploads\/2021\/05\/clocher-chapelle-scaled.jpg 1920w\" sizes=\"(max-width: 1024px) 100vw, 1024px\" \/>\t\t\t\t\t\t\t\t\t\t\t\t\t\t\t<\/div>\n\t\t\t\t<\/div>\n\t\t\t\t\t<\/div>\n\t\t<\/div>\n\t\t\t\t\t<\/div>\n\t\t<\/section>\n\t\t\t\t\t<\/div>\n\t\t<\/div>\n\t\t\t\t\t<\/div>\n\t\t<\/section>\n\t\t\t\t<\/div>\n\t\t","protected":false},"excerpt":{"rendered":"<p>Saint-Antoine Chapel, located at the corner of rue Laviolette and boulevard Saint-Maurice, is a place for adoration and perpetual prayer for PEACE IN THE HOLY LAND. History On August 9, 1888, the Bishop of Trois-Rivi\u00e8res, Bishop Lafl\u00e8che, gave Father Frederic a small piece of land for the construction of the Commissariat. Pierre Beaumier, a farmer [&hellip;]<\/p>\n","protected":false},"author":1,"featured_media":0,"parent":0,"menu_order":0,"comment_status":"closed","ping_status":"closed","template":"","meta":{"_acf_changed":false,"site-sidebar-layout":"no-sidebar","site-content-layout":"page-builder","ast-site-content-layout":"default","site-content-style":"default","site-sidebar-style":"default","ast-global-header-display":"","ast-banner-title-visibility":"","ast-main-header-display":"disabled","ast-hfb-above-header-display":"","ast-hfb-below-header-display":"","ast-hfb-mobile-header-display":"disabled","site-post-title":"disabled","ast-breadcrumbs-content":"disabled","ast-featured-img":"disabled","footer-sml-layout":"disabled","ast-disable-related-posts":"","theme-transparent-header-meta":"default","adv-header-id-meta":"","stick-header-meta":"","header-above-stick-meta":"","header-main-stick-meta":"","header-below-stick-meta":"","astra-migrate-meta-layouts":"default","ast-page-background-enabled":"default","ast-page-background-meta":{"desktop":{"background-color":"","background-image":"","background-repeat":"repeat","background-position":"center center","background-size":"auto","background-attachment":"scroll","background-type":"","background-media":"","overlay-type":"","overlay-color":"","overlay-opacity":"","overlay-gradient":""},"tablet":{"background-color":"","background-image":"","background-repeat":"repeat","background-position":"center center","background-size":"auto","background-attachment":"scroll","background-type":"","background-media":"","overlay-type":"","overlay-color":"","overlay-opacity":"","overlay-gradient":""},"mobile":{"background-color":"","background-image":"","background-repeat":"repeat","background-position":"center center","background-size":"auto","background-attachment":"scroll","background-type":"","background-media":"","overlay-type":"","overlay-color":"","overlay-opacity":"","overlay-gradient":""}},"ast-content-background-meta":{"desktop":{"background-color":"var(--ast-global-color-5)","background-image":"","background-repeat":"repeat","background-position":"center center","background-size":"auto","background-attachment":"scroll","background-type":"","background-media":"","overlay-type":"","overlay-color":"","overlay-opacity":"","overlay-gradient":""},"tablet":{"background-color":"var(--ast-global-color-5)","background-image":"","background-repeat":"repeat","background-position":"center center","background-size":"auto","background-attachment":"scroll","background-type":"","background-media":"","overlay-type":"","overlay-color":"","overlay-opacity":"","overlay-gradient":""},"mobile":{"background-color":"var(--ast-global-color-5)","background-image":"","background-repeat":"repeat","background-position":"center center","background-size":"auto","background-attachment":"scroll","background-type":"","background-media":"","overlay-type":"","overlay-color":"","overlay-opacity":"","overlay-gradient":""}},"footnotes":""},"class_list":["post-4328","page","type-page","status-publish","hentry"],"acf":[],"yoast_head":"<!-- This site is optimized with the Yoast SEO plugin v27.4 - https:\/\/yoast.com\/product\/yoast-seo-wordpress\/ -->\n<title>The Chapel - Mus\u00e9e du Bon P\u00e8re Fr\u00e9d\u00e9ric<\/title>\n<meta name=\"description\" content=\"Saint-Antoine Chapel, located at the corner of rue Laviolette and boulevard Saint-Maurice, is a place for adoration and perpetual prayer for PEACE IN THE\" \/>\n<meta name=\"robots\" content=\"index, follow, max-snippet:-1, max-image-preview:large, max-video-preview:-1\" \/>\n<link rel=\"canonical\" href=\"https:\/\/musee.perefrederic.ca\/en\/the-chapel\/\" \/>\n<meta property=\"og:locale\" content=\"en_US\" \/>\n<meta property=\"og:type\" content=\"article\" \/>\n<meta property=\"og:title\" content=\"The Chapel - Mus\u00e9e du Bon P\u00e8re Fr\u00e9d\u00e9ric\" \/>\n<meta property=\"og:description\" content=\"Saint-Antoine Chapel, located at the corner of rue Laviolette and boulevard Saint-Maurice, is a place for adoration and perpetual prayer for PEACE IN THE\" \/>\n<meta property=\"og:url\" content=\"https:\/\/musee.perefrederic.ca\/en\/the-chapel\/\" \/>\n<meta property=\"og:site_name\" content=\"Mus\u00e9e du Bon P\u00e8re Fr\u00e9d\u00e9ric\" \/>\n<meta property=\"article:modified_time\" content=\"2021-11-22T16:40:22+00:00\" \/>\n<meta property=\"og:image\" content=\"https:\/\/musee.perefrederic.ca\/wp-content\/uploads\/2021\/05\/Chapelle-1024x992.jpg\" \/>\n<meta name=\"twitter:card\" content=\"summary_large_image\" \/>\n<meta name=\"twitter:label1\" content=\"Est. reading time\" \/>\n\t<meta name=\"twitter:data1\" content=\"3 minutes\" \/>\n<script type=\"application\/ld+json\" class=\"yoast-schema-graph\">{\"@context\":\"https:\\\/\\\/schema.org\",\"@graph\":[{\"@type\":\"WebPage\",\"@id\":\"https:\\\/\\\/musee.perefrederic.ca\\\/en\\\/the-chapel\\\/\",\"url\":\"https:\\\/\\\/musee.perefrederic.ca\\\/en\\\/the-chapel\\\/\",\"name\":\"The Chapel - Mus\u00e9e du Bon P\u00e8re Fr\u00e9d\u00e9ric\",\"isPartOf\":{\"@id\":\"https:\\\/\\\/musee.perefrederic.ca\\\/#website\"},\"primaryImageOfPage\":{\"@id\":\"https:\\\/\\\/musee.perefrederic.ca\\\/en\\\/the-chapel\\\/#primaryimage\"},\"image\":{\"@id\":\"https:\\\/\\\/musee.perefrederic.ca\\\/en\\\/the-chapel\\\/#primaryimage\"},\"thumbnailUrl\":\"https:\\\/\\\/musee.perefrederic.ca\\\/wp-content\\\/uploads\\\/2021\\\/05\\\/Chapelle-1024x992.jpg\",\"datePublished\":\"2021-11-22T16:26:26+00:00\",\"dateModified\":\"2021-11-22T16:40:22+00:00\",\"description\":\"Saint-Antoine Chapel, located at the corner of rue Laviolette and boulevard Saint-Maurice, is a place for adoration and perpetual prayer for PEACE IN THE\",\"breadcrumb\":{\"@id\":\"https:\\\/\\\/musee.perefrederic.ca\\\/en\\\/the-chapel\\\/#breadcrumb\"},\"inLanguage\":\"en-US\",\"potentialAction\":[{\"@type\":\"ReadAction\",\"target\":[\"https:\\\/\\\/musee.perefrederic.ca\\\/en\\\/the-chapel\\\/\"]}]},{\"@type\":\"ImageObject\",\"inLanguage\":\"en-US\",\"@id\":\"https:\\\/\\\/musee.perefrederic.ca\\\/en\\\/the-chapel\\\/#primaryimage\",\"url\":\"https:\\\/\\\/musee.perefrederic.ca\\\/wp-content\\\/uploads\\\/2021\\\/05\\\/Chapelle-1024x992.jpg\",\"contentUrl\":\"https:\\\/\\\/musee.perefrederic.ca\\\/wp-content\\\/uploads\\\/2021\\\/05\\\/Chapelle-1024x992.jpg\"},{\"@type\":\"BreadcrumbList\",\"@id\":\"https:\\\/\\\/musee.perefrederic.ca\\\/en\\\/the-chapel\\\/#breadcrumb\",\"itemListElement\":[{\"@type\":\"ListItem\",\"position\":1,\"name\":\"Accueil\",\"item\":\"https:\\\/\\\/musee.perefrederic.ca\\\/en\\\/\"},{\"@type\":\"ListItem\",\"position\":2,\"name\":\"The Chapel\"}]},{\"@type\":\"WebSite\",\"@id\":\"https:\\\/\\\/musee.perefrederic.ca\\\/#website\",\"url\":\"https:\\\/\\\/musee.perefrederic.ca\\\/\",\"name\":\"Mus\u00e9e du Bon P\u00e8re Fr\u00e9d\u00e9ric\",\"description\":\"D\u00e9couvrez l\u2019homme et son histoire\",\"publisher\":{\"@id\":\"https:\\\/\\\/musee.perefrederic.ca\\\/#organization\"},\"potentialAction\":[{\"@type\":\"SearchAction\",\"target\":{\"@type\":\"EntryPoint\",\"urlTemplate\":\"https:\\\/\\\/musee.perefrederic.ca\\\/?s={search_term_string}\"},\"query-input\":{\"@type\":\"PropertyValueSpecification\",\"valueRequired\":true,\"valueName\":\"search_term_string\"}}],\"inLanguage\":\"en-US\"},{\"@type\":\"Organization\",\"@id\":\"https:\\\/\\\/musee.perefrederic.ca\\\/#organization\",\"name\":\"Mus\u00e9e du Bon P\u00e8re Fr\u00e9d\u00e9ric\",\"url\":\"https:\\\/\\\/musee.perefrederic.ca\\\/\",\"logo\":{\"@type\":\"ImageObject\",\"inLanguage\":\"en-US\",\"@id\":\"https:\\\/\\\/musee.perefrederic.ca\\\/#\\\/schema\\\/logo\\\/image\\\/\",\"url\":\"https:\\\/\\\/musee.perefrederic.ca\\\/wp-content\\\/uploads\\\/2021\\\/04\\\/logo-home-dark.png\",\"contentUrl\":\"https:\\\/\\\/musee.perefrederic.ca\\\/wp-content\\\/uploads\\\/2021\\\/04\\\/logo-home-dark.png\",\"width\":354,\"height\":282,\"caption\":\"Mus\u00e9e du Bon P\u00e8re Fr\u00e9d\u00e9ric\"},\"image\":{\"@id\":\"https:\\\/\\\/musee.perefrederic.ca\\\/#\\\/schema\\\/logo\\\/image\\\/\"}}]}<\/script>\n<!-- \/ Yoast SEO plugin. -->","yoast_head_json":{"title":"The Chapel - Mus\u00e9e du Bon P\u00e8re Fr\u00e9d\u00e9ric","description":"Saint-Antoine Chapel, located at the corner of rue Laviolette and boulevard Saint-Maurice, is a place for adoration and perpetual prayer for PEACE IN THE","robots":{"index":"index","follow":"follow","max-snippet":"max-snippet:-1","max-image-preview":"max-image-preview:large","max-video-preview":"max-video-preview:-1"},"canonical":"https:\/\/musee.perefrederic.ca\/en\/the-chapel\/","og_locale":"en_US","og_type":"article","og_title":"The Chapel - Mus\u00e9e du Bon P\u00e8re Fr\u00e9d\u00e9ric","og_description":"Saint-Antoine Chapel, located at the corner of rue Laviolette and boulevard Saint-Maurice, is a place for adoration and perpetual prayer for PEACE IN THE","og_url":"https:\/\/musee.perefrederic.ca\/en\/the-chapel\/","og_site_name":"Mus\u00e9e du Bon P\u00e8re Fr\u00e9d\u00e9ric","article_modified_time":"2021-11-22T16:40:22+00:00","og_image":[{"url":"https:\/\/musee.perefrederic.ca\/wp-content\/uploads\/2021\/05\/Chapelle-1024x992.jpg","type":"","width":"","height":""}],"twitter_card":"summary_large_image","twitter_misc":{"Est. reading time":"3 minutes"},"schema":{"@context":"https:\/\/schema.org","@graph":[{"@type":"WebPage","@id":"https:\/\/musee.perefrederic.ca\/en\/the-chapel\/","url":"https:\/\/musee.perefrederic.ca\/en\/the-chapel\/","name":"The Chapel - Mus\u00e9e du Bon P\u00e8re Fr\u00e9d\u00e9ric","isPartOf":{"@id":"https:\/\/musee.perefrederic.ca\/#website"},"primaryImageOfPage":{"@id":"https:\/\/musee.perefrederic.ca\/en\/the-chapel\/#primaryimage"},"image":{"@id":"https:\/\/musee.perefrederic.ca\/en\/the-chapel\/#primaryimage"},"thumbnailUrl":"https:\/\/musee.perefrederic.ca\/wp-content\/uploads\/2021\/05\/Chapelle-1024x992.jpg","datePublished":"2021-11-22T16:26:26+00:00","dateModified":"2021-11-22T16:40:22+00:00","description":"Saint-Antoine Chapel, located at the corner of rue Laviolette and boulevard Saint-Maurice, is a place for adoration and perpetual prayer for PEACE IN THE","breadcrumb":{"@id":"https:\/\/musee.perefrederic.ca\/en\/the-chapel\/#breadcrumb"},"inLanguage":"en-US","potentialAction":[{"@type":"ReadAction","target":["https:\/\/musee.perefrederic.ca\/en\/the-chapel\/"]}]},{"@type":"ImageObject","inLanguage":"en-US","@id":"https:\/\/musee.perefrederic.ca\/en\/the-chapel\/#primaryimage","url":"https:\/\/musee.perefrederic.ca\/wp-content\/uploads\/2021\/05\/Chapelle-1024x992.jpg","contentUrl":"https:\/\/musee.perefrederic.ca\/wp-content\/uploads\/2021\/05\/Chapelle-1024x992.jpg"},{"@type":"BreadcrumbList","@id":"https:\/\/musee.perefrederic.ca\/en\/the-chapel\/#breadcrumb","itemListElement":[{"@type":"ListItem","position":1,"name":"Accueil","item":"https:\/\/musee.perefrederic.ca\/en\/"},{"@type":"ListItem","position":2,"name":"The Chapel"}]},{"@type":"WebSite","@id":"https:\/\/musee.perefrederic.ca\/#website","url":"https:\/\/musee.perefrederic.ca\/","name":"Mus\u00e9e du Bon P\u00e8re Fr\u00e9d\u00e9ric","description":"D\u00e9couvrez l\u2019homme et son histoire","publisher":{"@id":"https:\/\/musee.perefrederic.ca\/#organization"},"potentialAction":[{"@type":"SearchAction","target":{"@type":"EntryPoint","urlTemplate":"https:\/\/musee.perefrederic.ca\/?s={search_term_string}"},"query-input":{"@type":"PropertyValueSpecification","valueRequired":true,"valueName":"search_term_string"}}],"inLanguage":"en-US"},{"@type":"Organization","@id":"https:\/\/musee.perefrederic.ca\/#organization","name":"Mus\u00e9e du Bon P\u00e8re Fr\u00e9d\u00e9ric","url":"https:\/\/musee.perefrederic.ca\/","logo":{"@type":"ImageObject","inLanguage":"en-US","@id":"https:\/\/musee.perefrederic.ca\/#\/schema\/logo\/image\/","url":"https:\/\/musee.perefrederic.ca\/wp-content\/uploads\/2021\/04\/logo-home-dark.png","contentUrl":"https:\/\/musee.perefrederic.ca\/wp-content\/uploads\/2021\/04\/logo-home-dark.png","width":354,"height":282,"caption":"Mus\u00e9e du Bon P\u00e8re Fr\u00e9d\u00e9ric"},"image":{"@id":"https:\/\/musee.perefrederic.ca\/#\/schema\/logo\/image\/"}}]}},"_links":{"self":[{"href":"https:\/\/musee.perefrederic.ca\/en\/wp-json\/wp\/v2\/pages\/4328","targetHints":{"allow":["GET"]}}],"collection":[{"href":"https:\/\/musee.perefrederic.ca\/en\/wp-json\/wp\/v2\/pages"}],"about":[{"href":"https:\/\/musee.perefrederic.ca\/en\/wp-json\/wp\/v2\/types\/page"}],"author":[{"embeddable":true,"href":"https:\/\/musee.perefrederic.ca\/en\/wp-json\/wp\/v2\/users\/1"}],"replies":[{"embeddable":true,"href":"https:\/\/musee.perefrederic.ca\/en\/wp-json\/wp\/v2\/comments?post=4328"}],"version-history":[{"count":5,"href":"https:\/\/musee.perefrederic.ca\/en\/wp-json\/wp\/v2\/pages\/4328\/revisions"}],"predecessor-version":[{"id":4336,"href":"https:\/\/musee.perefrederic.ca\/en\/wp-json\/wp\/v2\/pages\/4328\/revisions\/4336"}],"wp:attachment":[{"href":"https:\/\/musee.perefrederic.ca\/en\/wp-json\/wp\/v2\/media?parent=4328"}],"curies":[{"name":"wp","href":"https:\/\/api.w.org\/{rel}","templated":true}]}}