{"id":4412,"date":"2021-11-29T10:30:16","date_gmt":"2021-11-29T15:30:16","guid":{"rendered":"https:\/\/musee.perefrederic.ca\/?page_id=4412"},"modified":"2022-02-02T10:52:36","modified_gmt":"2022-02-02T15:52:36","slug":"on-sale","status":"publish","type":"page","link":"https:\/\/musee.perefrederic.ca\/en\/on-sale\/","title":{"rendered":"On sale"},"content":{"rendered":"\t\t<div data-elementor-type=\"wp-page\" data-elementor-id=\"4412\" class=\"elementor elementor-4412 elementor-345\" data-elementor-post-type=\"page\">\n\t\t\t\t\t\t<section class=\"elementor-section elementor-top-section elementor-element elementor-element-7c8303d elementor-section-full_width elementor-section-height-min-height elementor-section-items-stretch elementor-section-height-default\" data-id=\"7c8303d\" data-element_type=\"section\" data-e-type=\"section\" data-settings=\"{&quot;background_background&quot;:&quot;classic&quot;}\">\n\t\t\t\t\t\t<div class=\"elementor-container elementor-column-gap-default\">\n\t\t\t\t\t<div class=\"elementor-column elementor-col-100 elementor-top-column elementor-element elementor-element-bd26ceb\" data-id=\"bd26ceb\" data-element_type=\"column\" data-e-type=\"column\">\n\t\t\t<div class=\"elementor-widget-wrap elementor-element-populated\">\n\t\t\t\t\t\t<div class=\"elementor-element elementor-element-946516a elementor-widget elementor-widget-heading\" data-id=\"946516a\" data-element_type=\"widget\" data-e-type=\"widget\" data-widget_type=\"heading.default\">\n\t\t\t\t<div class=\"elementor-widget-container\">\n\t\t\t\t\t<h2 class=\"elementor-heading-title elementor-size-default\">boutique<\/h2>\t\t\t\t<\/div>\n\t\t\t\t<\/div>\n\t\t\t\t\t<\/div>\n\t\t<\/div>\n\t\t\t\t\t<\/div>\n\t\t<\/section>\n\t\t\t\t<section class=\"elementor-section elementor-top-section elementor-element elementor-element-fa60ef7 elementor-section-full_width elementor-section-height-default elementor-section-height-default\" data-id=\"fa60ef7\" data-element_type=\"section\" data-e-type=\"section\">\n\t\t\t\t\t\t<div class=\"elementor-container elementor-column-gap-default\">\n\t\t\t\t\t<div class=\"elementor-column elementor-col-100 elementor-top-column elementor-element elementor-element-862c075\" data-id=\"862c075\" data-element_type=\"column\" data-e-type=\"column\">\n\t\t\t<div class=\"elementor-widget-wrap elementor-element-populated\">\n\t\t\t\t\t\t<div class=\"elementor-element elementor-element-0f5738e elementor-widget elementor-widget-woocommerce-breadcrumb\" data-id=\"0f5738e\" data-element_type=\"widget\" data-e-type=\"widget\" data-widget_type=\"woocommerce-breadcrumb.default\">\n\t\t\t\t<div class=\"elementor-widget-container\">\n\t\t\t\t\t<nav class=\"woocommerce-breadcrumb\" aria-label=\"Breadcrumb\">Home<\/nav>\t\t\t\t<\/div>\n\t\t\t\t<\/div>\n\t\t\t\t\t<\/div>\n\t\t<\/div>\n\t\t\t\t\t<\/div>\n\t\t<\/section>\n\t\t\t\t<section class=\"elementor-section elementor-top-section elementor-element elementor-element-4bdb59a elementor-section-full_width elementor-section-height-default elementor-section-height-default\" data-id=\"4bdb59a\" data-element_type=\"section\" data-e-type=\"section\">\n\t\t\t\t\t\t<div class=\"elementor-container elementor-column-gap-default\">\n\t\t\t\t\t<div class=\"elementor-column elementor-col-50 elementor-top-column elementor-element elementor-element-c7933c3\" data-id=\"c7933c3\" data-element_type=\"column\" data-e-type=\"column\">\n\t\t\t<div class=\"elementor-widget-wrap elementor-element-populated\">\n\t\t\t\t\t\t<div class=\"elementor-element elementor-element-5403c3b elementor-widget elementor-widget-heading\" data-id=\"5403c3b\" data-element_type=\"widget\" data-e-type=\"widget\" data-widget_type=\"heading.default\">\n\t\t\t\t<div class=\"elementor-widget-container\">\n\t\t\t\t\t<h3 class=\"elementor-heading-title elementor-size-default\">Cat\u00e9gories<\/h3>\t\t\t\t<\/div>\n\t\t\t\t<\/div>\n\t\t\t\t<div class=\"elementor-element elementor-element-1dcaf11 elementor-widget-divider--view-line elementor-widget elementor-widget-divider\" data-id=\"1dcaf11\" data-element_type=\"widget\" data-e-type=\"widget\" data-widget_type=\"divider.default\">\n\t\t\t\t<div class=\"elementor-widget-container\">\n\t\t\t\t\t\t\t<div class=\"elementor-divider\">\n\t\t\t<span class=\"elementor-divider-separator\">\n\t\t\t\t\t\t<\/span>\n\t\t<\/div>\n\t\t\t\t\t\t<\/div>\n\t\t\t\t<\/div>\n\t\t\t\t<div class=\"elementor-element elementor-element-3b58bce promo elementor-widget elementor-widget-shortcode\" data-id=\"3b58bce\" data-element_type=\"widget\" data-e-type=\"widget\" data-widget_type=\"shortcode.default\">\n\t\t\t\t<div class=\"elementor-widget-container\">\n\t\t\t\t\t\t\t<div class=\"elementor-shortcode\"><\/div>\n\t\t\t\t\t\t<\/div>\n\t\t\t\t<\/div>\n\t\t\t\t<div class=\"elementor-element elementor-element-8ac6cb5 elementor-widget elementor-widget-shortcode\" data-id=\"8ac6cb5\" data-element_type=\"widget\" data-e-type=\"widget\" data-widget_type=\"shortcode.default\">\n\t\t\t\t<div class=\"elementor-widget-container\">\n\t\t\t\t\t\t\t<div class=\"elementor-shortcode\">        <ul class=\"adn-categories\">\n            \t<li class=\"cat-item cat-item-71\"><a href=\"https:\/\/musee.perefrederic.ca\/en\/categorie-produit\/books\/\">BOOKS<\/a>\n<\/li>\n\t<li class=\"cat-item cat-item-69\"><a href=\"https:\/\/musee.perefrederic.ca\/en\/categorie-produit\/exhibitions\/\">ADMISSION &#8211; MUSEUM<\/a>\n<\/li>\n\t<li class=\"cat-item cat-item-96\"><a href=\"https:\/\/musee.perefrederic.ca\/en\/categorie-produit\/souvenirs-en\/\">FREDERIC&#039;S COLLECTION<\/a>\n<\/li>\n\t<li class=\"cat-item cat-item-73\"><a href=\"https:\/\/musee.perefrederic.ca\/en\/categorie-produit\/franciscans\/\">FRANCISCAN&#039;S COLLECTION<\/a>\n<\/li>\n        <\/ul>\n        \n<\/div>\n\t\t\t\t\t\t<\/div>\n\t\t\t\t<\/div>\n\t\t\t\t\t<\/div>\n\t\t<\/div>\n\t\t\t\t<div class=\"elementor-column elementor-col-50 elementor-top-column elementor-element elementor-element-0f911d7\" data-id=\"0f911d7\" data-element_type=\"column\" data-e-type=\"column\">\n\t\t\t<div class=\"elementor-widget-wrap elementor-element-populated\">\n\t\t\t\t\t\t<div class=\"elementor-element elementor-element-6289f3c uael-woo--align-left uael-sale-flash-custom elementor-widget elementor-widget-uael-woo-products\" data-id=\"6289f3c\" data-element_type=\"widget\" data-e-type=\"widget\" data-settings=\"{&quot;products_columns&quot;:&quot;3&quot;,&quot;products_columns_tablet&quot;:&quot;3&quot;,&quot;products_columns_mobile&quot;:&quot;1&quot;}\" data-widget_type=\"uael-woo-products.grid-franko\">\n\t\t\t\t<div class=\"elementor-widget-container\">\n\t\t\t\t\t\t\t<div class=\"uael-wooproducts-empty\">\n\t\t\t<p>No product found<\/p>\n\t\t<\/div>\n\t\t\t\t\t\t<\/div>\n\t\t\t\t<\/div>\n\t\t\t\t\t<\/div>\n\t\t<\/div>\n\t\t\t\t\t<\/div>\n\t\t<\/section>\n\t\t\t\t<\/div>\n\t\t","protected":false},"excerpt":{"rendered":"<p>boutique Cat\u00e9gories No product found<\/p>\n","protected":false},"author":1,"featured_media":0,"parent":0,"menu_order":0,"comment_status":"closed","ping_status":"closed","template":"","meta":{"_acf_changed":false,"site-sidebar-layout":"no-sidebar","site-content-layout":"page-builder","ast-site-content-layout":"default","site-content-style":"default","site-sidebar-style":"default","ast-global-header-display":"","ast-banner-title-visibility":"","ast-main-header-display":"","ast-hfb-above-header-display":"","ast-hfb-below-header-display":"","ast-hfb-mobile-header-display":"","site-post-title":"disabled","ast-breadcrumbs-content":"","ast-featured-img":"disabled","footer-sml-layout":"","ast-disable-related-posts":"","theme-transparent-header-meta":"default","adv-header-id-meta":"","stick-header-meta":"","header-above-stick-meta":"","header-main-stick-meta":"","header-below-stick-meta":"","astra-migrate-meta-layouts":"default","ast-page-background-enabled":"default","ast-page-background-meta":{"desktop":{"background-color":"","background-image":"","background-repeat":"repeat","background-position":"center center","background-size":"auto","background-attachment":"scroll","background-type":"","background-media":"","overlay-type":"","overlay-color":"","overlay-opacity":"","overlay-gradient":""},"tablet":{"background-color":"","background-image":"","background-repeat":"repeat","background-position":"center center","background-size":"auto","background-attachment":"scroll","background-type":"","background-media":"","overlay-type":"","overlay-color":"","overlay-opacity":"","overlay-gradient":""},"mobile":{"background-color":"","background-image":"","background-repeat":"repeat","background-position":"center center","background-size":"auto","background-attachment":"scroll","background-type":"","background-media":"","overlay-type":"","overlay-color":"","overlay-opacity":"","overlay-gradient":""}},"ast-content-background-meta":{"desktop":{"background-color":"var(--ast-global-color-5)","background-image":"","background-repeat":"repeat","background-position":"center center","background-size":"auto","background-attachment":"scroll","background-type":"","background-media":"","overlay-type":"","overlay-color":"","overlay-opacity":"","overlay-gradient":""},"tablet":{"background-color":"var(--ast-global-color-5)","background-image":"","background-repeat":"repeat","background-position":"center center","background-size":"auto","background-attachment":"scroll","background-type":"","background-media":"","overlay-type":"","overlay-color":"","overlay-opacity":"","overlay-gradient":""},"mobile":{"background-color":"var(--ast-global-color-5)","background-image":"","background-repeat":"repeat","background-position":"center center","background-size":"auto","background-attachment":"scroll","background-type":"","background-media":"","overlay-type":"","overlay-color":"","overlay-opacity":"","overlay-gradient":""}},"footnotes":""},"class_list":["post-4412","page","type-page","status-publish","hentry"],"acf":[],"yoast_head":"<!-- This site is optimized with the Yoast SEO plugin v27.6 - https:\/\/yoast.com\/product\/yoast-seo-wordpress\/ -->\n<title>On sale - Mus\u00e9e du Bon P\u00e8re Fr\u00e9d\u00e9ric<\/title>\n<meta name=\"description\" content=\"boutique   Cat\u00e9gories        No product found\" \/>\n<meta name=\"robots\" content=\"index, follow, max-snippet:-1, max-image-preview:large, max-video-preview:-1\" \/>\n<link rel=\"canonical\" href=\"https:\/\/musee.perefrederic.ca\/en-promotion\/\" \/>\n<meta property=\"og:locale\" content=\"en_US\" \/>\n<meta property=\"og:type\" content=\"article\" \/>\n<meta property=\"og:title\" content=\"On sale - Mus\u00e9e du Bon P\u00e8re Fr\u00e9d\u00e9ric\" \/>\n<meta property=\"og:description\" content=\"boutique   Cat\u00e9gories        No product found\" \/>\n<meta property=\"og:url\" content=\"https:\/\/musee.perefrederic.ca\/en-promotion\/\" \/>\n<meta property=\"og:site_name\" content=\"Mus\u00e9e du Bon P\u00e8re Fr\u00e9d\u00e9ric\" \/>\n<meta property=\"article:modified_time\" content=\"2022-02-02T15:52:36+00:00\" \/>\n<meta property=\"og:image\" content=\"https:\/\/musee.perefrederic.ca\/wp-content\/uploads\/2021\/08\/Bon-Pere-Frederic-Logo.jpg\" \/>\n\t<meta property=\"og:image:width\" content=\"1200\" \/>\n\t<meta property=\"og:image:height\" content=\"630\" \/>\n\t<meta property=\"og:image:type\" content=\"image\/jpeg\" \/>\n<meta name=\"twitter:card\" content=\"summary_large_image\" \/>\n<meta name=\"twitter:label1\" content=\"Est. reading time\" \/>\n\t<meta name=\"twitter:data1\" content=\"1 minute\" \/>\n<script type=\"application\/ld+json\" class=\"yoast-schema-graph\">{\"@context\":\"https:\\\/\\\/schema.org\",\"@graph\":[{\"@type\":\"WebPage\",\"@id\":\"https:\\\/\\\/musee.perefrederic.ca\\\/en-promotion\\\/\",\"url\":\"https:\\\/\\\/musee.perefrederic.ca\\\/en-promotion\\\/\",\"name\":\"On sale - Mus\u00e9e du Bon P\u00e8re Fr\u00e9d\u00e9ric\",\"isPartOf\":{\"@id\":\"https:\\\/\\\/musee.perefrederic.ca\\\/#website\"},\"datePublished\":\"2021-11-29T15:30:16+00:00\",\"dateModified\":\"2022-02-02T15:52:36+00:00\",\"description\":\"boutique Cat\u00e9gories No product found\",\"breadcrumb\":{\"@id\":\"https:\\\/\\\/musee.perefrederic.ca\\\/en-promotion\\\/#breadcrumb\"},\"inLanguage\":\"en-US\",\"potentialAction\":[{\"@type\":\"ReadAction\",\"target\":[\"https:\\\/\\\/musee.perefrederic.ca\\\/en-promotion\\\/\"]}]},{\"@type\":\"BreadcrumbList\",\"@id\":\"https:\\\/\\\/musee.perefrederic.ca\\\/en-promotion\\\/#breadcrumb\",\"itemListElement\":[{\"@type\":\"ListItem\",\"position\":1,\"name\":\"Accueil\",\"item\":\"https:\\\/\\\/musee.perefrederic.ca\\\/en\\\/\"},{\"@type\":\"ListItem\",\"position\":2,\"name\":\"On sale\"}]},{\"@type\":\"WebSite\",\"@id\":\"https:\\\/\\\/musee.perefrederic.ca\\\/#website\",\"url\":\"https:\\\/\\\/musee.perefrederic.ca\\\/\",\"name\":\"Mus\u00e9e du Bon P\u00e8re Fr\u00e9d\u00e9ric\",\"description\":\"D\u00e9couvrez l\u2019homme et son histoire\",\"publisher\":{\"@id\":\"https:\\\/\\\/musee.perefrederic.ca\\\/#organization\"},\"potentialAction\":[{\"@type\":\"SearchAction\",\"target\":{\"@type\":\"EntryPoint\",\"urlTemplate\":\"https:\\\/\\\/musee.perefrederic.ca\\\/?s={search_term_string}\"},\"query-input\":{\"@type\":\"PropertyValueSpecification\",\"valueRequired\":true,\"valueName\":\"search_term_string\"}}],\"inLanguage\":\"en-US\"},{\"@type\":\"Organization\",\"@id\":\"https:\\\/\\\/musee.perefrederic.ca\\\/#organization\",\"name\":\"Mus\u00e9e du Bon P\u00e8re Fr\u00e9d\u00e9ric\",\"url\":\"https:\\\/\\\/musee.perefrederic.ca\\\/\",\"logo\":{\"@type\":\"ImageObject\",\"inLanguage\":\"en-US\",\"@id\":\"https:\\\/\\\/musee.perefrederic.ca\\\/#\\\/schema\\\/logo\\\/image\\\/\",\"url\":\"https:\\\/\\\/musee.perefrederic.ca\\\/wp-content\\\/uploads\\\/2021\\\/04\\\/logo-home-dark.png\",\"contentUrl\":\"https:\\\/\\\/musee.perefrederic.ca\\\/wp-content\\\/uploads\\\/2021\\\/04\\\/logo-home-dark.png\",\"width\":354,\"height\":282,\"caption\":\"Mus\u00e9e du Bon P\u00e8re Fr\u00e9d\u00e9ric\"},\"image\":{\"@id\":\"https:\\\/\\\/musee.perefrederic.ca\\\/#\\\/schema\\\/logo\\\/image\\\/\"}}]}<\/script>\n<!-- \/ Yoast SEO plugin. -->","yoast_head_json":{"title":"On sale - Mus\u00e9e du Bon P\u00e8re Fr\u00e9d\u00e9ric","description":"boutique   Cat\u00e9gories        No product found","robots":{"index":"index","follow":"follow","max-snippet":"max-snippet:-1","max-image-preview":"max-image-preview:large","max-video-preview":"max-video-preview:-1"},"canonical":"https:\/\/musee.perefrederic.ca\/en-promotion\/","og_locale":"en_US","og_type":"article","og_title":"On sale - Mus\u00e9e du Bon P\u00e8re Fr\u00e9d\u00e9ric","og_description":"boutique   Cat\u00e9gories        No product found","og_url":"https:\/\/musee.perefrederic.ca\/en-promotion\/","og_site_name":"Mus\u00e9e du Bon P\u00e8re Fr\u00e9d\u00e9ric","article_modified_time":"2022-02-02T15:52:36+00:00","og_image":[{"width":1200,"height":630,"url":"https:\/\/musee.perefrederic.ca\/wp-content\/uploads\/2021\/08\/Bon-Pere-Frederic-Logo.jpg","type":"image\/jpeg"}],"twitter_card":"summary_large_image","twitter_misc":{"Est. reading time":"1 minute"},"schema":{"@context":"https:\/\/schema.org","@graph":[{"@type":"WebPage","@id":"https:\/\/musee.perefrederic.ca\/en-promotion\/","url":"https:\/\/musee.perefrederic.ca\/en-promotion\/","name":"On sale - Mus\u00e9e du Bon P\u00e8re Fr\u00e9d\u00e9ric","isPartOf":{"@id":"https:\/\/musee.perefrederic.ca\/#website"},"datePublished":"2021-11-29T15:30:16+00:00","dateModified":"2022-02-02T15:52:36+00:00","description":"boutique Cat\u00e9gories No product found","breadcrumb":{"@id":"https:\/\/musee.perefrederic.ca\/en-promotion\/#breadcrumb"},"inLanguage":"en-US","potentialAction":[{"@type":"ReadAction","target":["https:\/\/musee.perefrederic.ca\/en-promotion\/"]}]},{"@type":"BreadcrumbList","@id":"https:\/\/musee.perefrederic.ca\/en-promotion\/#breadcrumb","itemListElement":[{"@type":"ListItem","position":1,"name":"Accueil","item":"https:\/\/musee.perefrederic.ca\/en\/"},{"@type":"ListItem","position":2,"name":"On sale"}]},{"@type":"WebSite","@id":"https:\/\/musee.perefrederic.ca\/#website","url":"https:\/\/musee.perefrederic.ca\/","name":"Mus\u00e9e du Bon P\u00e8re Fr\u00e9d\u00e9ric","description":"D\u00e9couvrez l\u2019homme et son histoire","publisher":{"@id":"https:\/\/musee.perefrederic.ca\/#organization"},"potentialAction":[{"@type":"SearchAction","target":{"@type":"EntryPoint","urlTemplate":"https:\/\/musee.perefrederic.ca\/?s={search_term_string}"},"query-input":{"@type":"PropertyValueSpecification","valueRequired":true,"valueName":"search_term_string"}}],"inLanguage":"en-US"},{"@type":"Organization","@id":"https:\/\/musee.perefrederic.ca\/#organization","name":"Mus\u00e9e du Bon P\u00e8re Fr\u00e9d\u00e9ric","url":"https:\/\/musee.perefrederic.ca\/","logo":{"@type":"ImageObject","inLanguage":"en-US","@id":"https:\/\/musee.perefrederic.ca\/#\/schema\/logo\/image\/","url":"https:\/\/musee.perefrederic.ca\/wp-content\/uploads\/2021\/04\/logo-home-dark.png","contentUrl":"https:\/\/musee.perefrederic.ca\/wp-content\/uploads\/2021\/04\/logo-home-dark.png","width":354,"height":282,"caption":"Mus\u00e9e du Bon P\u00e8re Fr\u00e9d\u00e9ric"},"image":{"@id":"https:\/\/musee.perefrederic.ca\/#\/schema\/logo\/image\/"}}]}},"_links":{"self":[{"href":"https:\/\/musee.perefrederic.ca\/en\/wp-json\/wp\/v2\/pages\/4412","targetHints":{"allow":["GET"]}}],"collection":[{"href":"https:\/\/musee.perefrederic.ca\/en\/wp-json\/wp\/v2\/pages"}],"about":[{"href":"https:\/\/musee.perefrederic.ca\/en\/wp-json\/wp\/v2\/types\/page"}],"author":[{"embeddable":true,"href":"https:\/\/musee.perefrederic.ca\/en\/wp-json\/wp\/v2\/users\/1"}],"replies":[{"embeddable":true,"href":"https:\/\/musee.perefrederic.ca\/en\/wp-json\/wp\/v2\/comments?post=4412"}],"version-history":[{"count":5,"href":"https:\/\/musee.perefrederic.ca\/en\/wp-json\/wp\/v2\/pages\/4412\/revisions"}],"predecessor-version":[{"id":4474,"href":"https:\/\/musee.perefrederic.ca\/en\/wp-json\/wp\/v2\/pages\/4412\/revisions\/4474"}],"wp:attachment":[{"href":"https:\/\/musee.perefrederic.ca\/en\/wp-json\/wp\/v2\/media?parent=4412"}],"curies":[{"name":"wp","href":"https:\/\/api.w.org\/{rel}","templated":true}]}}