{"id":4419,"date":"2021-11-29T10:38:26","date_gmt":"2021-11-29T15:38:26","guid":{"rendered":"https:\/\/musee.perefrederic.ca\/?page_id=4419"},"modified":"2021-11-29T10:39:22","modified_gmt":"2021-11-29T15:39:22","slug":"privacy-policy","status":"publish","type":"page","link":"https:\/\/musee.perefrederic.ca\/en\/privacy-policy\/","title":{"rendered":"Privacy Policy"},"content":{"rendered":"\t\t<div data-elementor-type=\"wp-page\" data-elementor-id=\"4419\" class=\"elementor elementor-4419 elementor-193\" data-elementor-post-type=\"page\">\n\t\t\t\t\t\t<section class=\"elementor-section elementor-top-section elementor-element elementor-element-c975710 elementor-section-full_width elementor-section-height-min-height elementor-section-items-stretch elementor-section-height-default\" data-id=\"c975710\" data-element_type=\"section\" data-e-type=\"section\" data-settings=\"{&quot;background_background&quot;:&quot;classic&quot;}\">\n\t\t\t\t\t\t<div class=\"elementor-container elementor-column-gap-default\">\n\t\t\t\t\t<div class=\"elementor-column elementor-col-100 elementor-top-column elementor-element elementor-element-6df4b22\" data-id=\"6df4b22\" data-element_type=\"column\" data-e-type=\"column\">\n\t\t\t<div class=\"elementor-widget-wrap elementor-element-populated\">\n\t\t\t\t\t\t\t<\/div>\n\t\t<\/div>\n\t\t\t\t\t<\/div>\n\t\t<\/section>\n\t\t\t\t<section class=\"elementor-section elementor-top-section elementor-element elementor-element-80e2baf elementor-section-boxed elementor-section-height-default elementor-section-height-default\" data-id=\"80e2baf\" data-element_type=\"section\" data-e-type=\"section\">\n\t\t\t\t\t\t<div class=\"elementor-container elementor-column-gap-default\">\n\t\t\t\t\t<div class=\"elementor-column elementor-col-100 elementor-top-column elementor-element elementor-element-8930813\" data-id=\"8930813\" data-element_type=\"column\" data-e-type=\"column\">\n\t\t\t<div class=\"elementor-widget-wrap elementor-element-populated\">\n\t\t\t\t\t\t<div class=\"elementor-element elementor-element-0a016a0 elementor-widget elementor-widget-text-editor\" data-id=\"0a016a0\" data-element_type=\"widget\" data-e-type=\"widget\" data-widget_type=\"text-editor.default\">\n\t\t\t\t<div class=\"elementor-widget-container\">\n\t\t\t\t\t\t\t\t\t<h2><strong>Order And Payment Modes<\/strong><\/h2>\n<p>For online transactions, Square payments (Visa, MasterCard, and American Express) are welcome. You can also order by phone at <a href=\"tel:8193701280\">819\u00a0370-1280<\/a>.<\/p>\n<h2><strong>Business Hours<\/strong><\/h2>\n<p>Monday to Friday, 10 AM to 5 PM (Eastern Time)<\/p>\n<h2><strong>Sales Conditions<\/strong><\/h2>\n<p>Our prices are in Canadian currency (CAN $) and do not include shipping costs and custom fees, if applicable.<\/p>\n<h2><strong>Delivery<\/strong><\/h2>\n<p>Costs and delivery time: Costs and delivery time are given according to the destination and the transport mode selected. We use Canada Post services.<\/p>\n<p>Delivery date not met: if for any reason we cannot deliver the products on time, we will inform you as soon as possible and give you the possibility to cancel your order.<\/p>\n<h2><strong>Return And Exchange<\/strong><\/h2>\n<p>We will replace or give a refund for goods damaged during delivery without any additional cost to the client.<\/p>\n<h2><strong>Payment Security<\/strong><\/h2>\n<p>When you make an order with the Square payment system, your transaction is directed to a secured Internet payment terminal. This connection uses the latest generation SST encryption protocol. The Square securing and prevention tools are among the best on the market.<\/p>\n<p>All transaction data is encoded to be transmitted from your computer to the Square server, the only server able to decrypt the information. Square then pass along the information relating to your order to the merchant, except that concerning your credit card.<\/p>\n<p>To learn more about Square, <a href=\"https:\/\/squareup.com\/ca\/en\" target=\"_blank\" rel=\"noopener\">click here.<\/a><\/p>\n<h2><strong>Complaint Resolution<\/strong><\/h2>\n<p>If you have a complaint, please contact:<\/p>\n<p>890, boulevard du Saint-Maurice, Trois-Rivi\u00e8res QC G9A 3P8<br \/>Phone: <a href=\"tel:8193701280\">819 370-1280<\/a><br \/>Email: <a href=\"mailto:musee@perefrederic.ca\">musee@perefrederic.ca<\/a><\/p>\n<p>You may file a complaint by phone, by mail, fax, or email. We will deal with any complaint within three days of its reception at no charge to the buyer.<\/p>\n<h2><strong>Personal Data Collection And Use<\/strong><\/h2>\n<p>All personal information collected will only be used to process your order and treat your complaint, if possible. Only the following information will be collected during the order:<\/p>\n<p>\u2022 Last Name<br \/>\u2022 First Name<br \/>\u2022 Adresse<br \/>\u2022 Phone<br \/>\u2022 Email<\/p>\n<p>Rest assured that all personal information collected will be kept private. It will only be used to:<\/p>\n<p>\u2022 Confirm your order by email,<br \/>\u2022 Send a payment receipt if you have ordered with a credit card,<br \/>\u2022 Ensure a speedy and accurate delivery of your order,<br \/>\u2022 For customer service follow-up, as explained below.<\/p>\n<h2><strong>Customer Agreement<\/strong><\/h2>\n<p>No information will be collected without your agreement. Please note that you are automatically giving your consent by filling up an order form or by filing a complaint. You can withdraw your consent at all times. To do so, please contact Mr. Jean-Luc Pilotte to the address given earlier.<\/p>\n<h2><strong>Sharing Of Data With Third Parties<\/strong><\/h2>\n<p>Your personal information will never be shared or communicated to third parties.<\/p>\n<h2><strong>Information Access<\/strong><\/h2>\n<p>You can access and modify your personal information at all times on our Website by logging in your Client account.<\/p>\n<h2><strong>Complaints<\/strong><\/h2>\n<p>To file a complaint about the use of your personal data, please contact Mr. Jean-Luc Pilotte. Your complaint will then be analyzed and treated within three days following its reception. We will then inform you of our decision. The complaint treatment process is free.<\/p>\n<h2><strong>Policy Changes<\/strong><\/h2>\n<p>We will advise you of any change we may have to make to our privacy policy. The date of every policy update will be displayed as at the bottom of each of our Privacy Policy page. In those cases, the Website will be updated immediately. Privacy policies in effect at the time of the order will however always take precedence.<\/p>\n<h2><strong>Order And Payment Modes<\/strong><\/h2>\n<p>For online transactions, Square payments (Visa, MasterCard, and American Express) are welcome. You can also order by phone at <a href=\"tel:8193701280\">819\u00a0370-1280<\/a>.<\/p>\n<h2><strong>Business Hours<\/strong><\/h2>\n<p>Monday to Friday, 10 AM to 5 PM (Eastern Time)<\/p>\n<h2><strong>Sales Conditions<\/strong><\/h2>\n<p>Our prices are in Canadian currency (CAN $) and do not include shipping costs and custom fees, if applicable.<\/p>\n<h2><strong>Delivery<\/strong><\/h2>\n<p>Costs and delivery time: Costs and delivery time are given according to the destination and the transport mode selected. We use Canada Post services.<\/p>\n<p>Delivery date not met: if for any reason we cannot deliver the products on time, we will inform you as soon as possible and give you the possibility to cancel your order.<\/p>\n<h2><strong>Return And Exchange<\/strong><\/h2>\n<p>We will replace or give a refund for goods damaged during delivery without any additional cost to the client.<\/p>\n<h2><strong>Payment Security<\/strong><\/h2>\n<p>When you make an order with the Square payment system, your transaction is directed to a secured Internet payment terminal. This connection uses the latest generation SST encryption protocol. The Square securing and prevention tools are among the best on the market.<\/p>\n<p>All transaction data is encoded to be transmitted from your computer to the Square server, the only server able to decrypt the information. Square then pass along the information relating to your order to the merchant, except that concerning your credit card.<\/p>\n<p>To learn more about Square, <a href=\"https:\/\/squareup.com\/ca\/en\" target=\"_blank\" rel=\"noopener\">click here.<\/a><\/p>\n<h2><strong>Complaint Resolution<\/strong><\/h2>\n<p>If you have a complaint, please contact:<\/p>\n<p>890, boulevard du Saint-Maurice, Trois-Rivi\u00e8res QC G9A 3P8<br \/>Phone: <a href=\"tel:8193701280\">819 370-1280<\/a><br \/>Email: <a href=\"mailto:musee@perefrederic.ca\">musee@perefrederic.ca<\/a><\/p>\n<p>You may file a complaint by phone, by mail, fax, or email. We will deal with any complaint within three days of its reception at no charge to the buyer.<\/p>\n<h2><strong>Personal Data Collection And Use<\/strong><\/h2>\n<p>All personal information collected will only be used to process your order and treat your complaint, if possible. Only the following information will be collected during the order:<\/p>\n<p>\u2022 Last Name<br \/>\u2022 First Name<br \/>\u2022 Adresse<br \/>\u2022 Phone<br \/>\u2022 Email<\/p>\n<p>Rest assured that all personal information collected will be kept private. It will only be used to:<\/p>\n<p>\u2022 Confirm your order by email,<br \/>\u2022 Send a payment receipt if you have ordered with a credit card,<br \/>\u2022 Ensure a speedy and accurate delivery of your order,<br \/>\u2022 For customer service follow-up, as explained below.<\/p>\n<h2><strong>Customer Agreement<\/strong><\/h2>\n<p>No information will be collected without your agreement. Please note that you are automatically giving your consent by filling up an order form or by filing a complaint. You can withdraw your consent at all times. To do so, please contact Mr. Jean-Luc Pilotte to the address given earlier.<\/p>\n<h2><strong>Sharing Of Data With Third Parties<\/strong><\/h2>\n<p>Your personal information will never be shared or communicated to third parties.<\/p>\n<h2><strong>Information Access<\/strong><\/h2>\n<p>You can access and modify your personal information at all times on our Website by logging in your Client account.<\/p>\n<h2><strong>Complaints<\/strong><\/h2>\n<p>To file a complaint about the use of your personal data, please contact Mr. Jean-Luc Pilotte. Your complaint will then be analyzed and treated within three days following its reception. We will then inform you of our decision. The complaint treatment process is free.<\/p>\n<h2><strong>Policy Changes<\/strong><\/h2>\n<p>We will advise you of any change we may have to make to our privacy policy. The date of every policy update will be displayed as at the bottom of each of our Privacy Policy page. In those cases, the Website will be updated immediately. Privacy policies in effect at the time of the order will however always take precedence.<\/p>\n<h2><strong>Order And Payment Modes<\/strong><\/h2>\n<p>For online transactions, Square payments (Visa, MasterCard, and American Express) are welcome. You can also order by phone at <a href=\"tel:8193701280\">819\u00a0370-1280<\/a>.<\/p>\n<h2><strong>Business Hours<\/strong><\/h2>\n<p>Monday to Friday, 10 AM to 5 PM (Eastern Time)<\/p>\n<h2><strong>Sales Conditions<\/strong><\/h2>\n<p>Our prices are in Canadian currency (CAN $) and do not include shipping costs and custom fees, if applicable.<\/p>\n<h2><strong>Delivery<\/strong><\/h2>\n<p>Costs and delivery time: Costs and delivery time are given according to the destination and the transport mode selected. We use Canada Post services.<\/p>\n<p>Delivery date not met: if for any reason we cannot deliver the products on time, we will inform you as soon as possible and give you the possibility to cancel your order.<\/p>\n<h2><strong>Return And Exchange<\/strong><\/h2>\n<p>We will replace or give a refund for goods damaged during delivery without any additional cost to the client.<\/p>\n<h2><strong>Payment Security<\/strong><\/h2>\n<p>When you make an order with the Square payment system, your transaction is directed to a secured Internet payment terminal. This connection uses the latest generation SST encryption protocol. The Square securing and prevention tools are among the best on the market.<\/p>\n<p>All transaction data is encoded to be transmitted from your computer to the Square server, the only server able to decrypt the information. Square then pass along the information relating to your order to the merchant, except that concerning your credit card.<\/p>\n<p>To learn more about Square, <a href=\"https:\/\/squareup.com\/ca\/en\" target=\"_blank\" rel=\"noopener\">click here.<\/a><\/p>\n<h2><strong>Complaint Resolution<\/strong><\/h2>\n<p>If you have a complaint, please contact:<\/p>\n<p>890, boulevard du Saint-Maurice, Trois-Rivi\u00e8res QC G9A 3P8<br \/>Phone: <a href=\"tel:8193701280\">819 370-1280<\/a><br \/>Email: <a href=\"mailto:musee@perefrederic.ca\">musee@perefrederic.ca<\/a><\/p>\n<p>You may file a complaint by phone, by mail, fax, or email. We will deal with any complaint within three days of its reception at no charge to the buyer.<\/p>\n<h2><strong>Personal Data Collection And Use<\/strong><\/h2>\n<p>All personal information collected will only be used to process your order and treat your complaint, if possible. Only the following information will be collected during the order:<\/p>\n<p>\u2022 Last Name<br \/>\u2022 First Name<br \/>\u2022 Adresse<br \/>\u2022 Phone<br \/>\u2022 Email<\/p>\n<p>Rest assured that all personal information collected will be kept private. It will only be used to:<\/p>\n<p>\u2022 Confirm your order by email,<br \/>\u2022 Send a payment receipt if you have ordered with a credit card,<br \/>\u2022 Ensure a speedy and accurate delivery of your order,<br \/>\u2022 For customer service follow-up, as explained below.<\/p>\n<h2><strong>Customer Agreement<\/strong><\/h2>\n<p>No information will be collected without your agreement. Please note that you are automatically giving your consent by filling up an order form or by filing a complaint. You can withdraw your consent at all times. To do so, please contact Mr. Jean-Luc Pilotte to the address given earlier.<\/p>\n<h2><strong>Sharing Of Data With Third Parties<\/strong><\/h2>\n<p>Your personal information will never be shared or communicated to third parties.<\/p>\n<h2><strong>Information Access<\/strong><\/h2>\n<p>You can access and modify your personal information at all times on our Website by logging in your Client account.<\/p>\n<h2><strong>Complaints<\/strong><\/h2>\n<p>To file a complaint about the use of your personal data, please contact Mr. Jean-Luc Pilotte. Your complaint will then be analyzed and treated within three days following its reception. We will then inform you of our decision. The complaint treatment process is free.<\/p>\n<h2><strong>Policy Changes<\/strong><\/h2>\n<p>We will advise you of any change we may have to make to our privacy policy. The date of every policy update will be displayed as at the bottom of each of our Privacy Policy page. In those cases, the Website will be updated immediately. Privacy policies in effect at the time of the order will however always take precedence.<\/p>\t\t\t\t\t\t\t\t<\/div>\n\t\t\t\t<\/div>\n\t\t\t\t\t<\/div>\n\t\t<\/div>\n\t\t\t\t\t<\/div>\n\t\t<\/section>\n\t\t\t\t<\/div>\n\t\t","protected":false},"excerpt":{"rendered":"<p>Order And Payment Modes For online transactions, Square payments (Visa, MasterCard, and American Express) are welcome. You can also order by phone at 819\u00a0370-1280. Business Hours Monday to Friday, 10 AM to 5 PM (Eastern Time) Sales Conditions Our prices are in Canadian currency (CAN $) and do not include shipping costs and custom fees, [&hellip;]<\/p>\n","protected":false},"author":1,"featured_media":0,"parent":0,"menu_order":0,"comment_status":"closed","ping_status":"closed","template":"","meta":{"_acf_changed":false,"site-sidebar-layout":"no-sidebar","site-content-layout":"page-builder","ast-site-content-layout":"default","site-content-style":"default","site-sidebar-style":"default","ast-global-header-display":"","ast-banner-title-visibility":"","ast-main-header-display":"","ast-hfb-above-header-display":"","ast-hfb-below-header-display":"","ast-hfb-mobile-header-display":"","site-post-title":"disabled","ast-breadcrumbs-content":"","ast-featured-img":"disabled","footer-sml-layout":"","ast-disable-related-posts":"","theme-transparent-header-meta":"default","adv-header-id-meta":"","stick-header-meta":"","header-above-stick-meta":"","header-main-stick-meta":"","header-below-stick-meta":"","astra-migrate-meta-layouts":"default","ast-page-background-enabled":"default","ast-page-background-meta":{"desktop":{"background-color":"","background-image":"","background-repeat":"repeat","background-position":"center center","background-size":"auto","background-attachment":"scroll","background-type":"","background-media":"","overlay-type":"","overlay-color":"","overlay-opacity":"","overlay-gradient":""},"tablet":{"background-color":"","background-image":"","background-repeat":"repeat","background-position":"center center","background-size":"auto","background-attachment":"scroll","background-type":"","background-media":"","overlay-type":"","overlay-color":"","overlay-opacity":"","overlay-gradient":""},"mobile":{"background-color":"","background-image":"","background-repeat":"repeat","background-position":"center center","background-size":"auto","background-attachment":"scroll","background-type":"","background-media":"","overlay-type":"","overlay-color":"","overlay-opacity":"","overlay-gradient":""}},"ast-content-background-meta":{"desktop":{"background-color":"var(--ast-global-color-5)","background-image":"","background-repeat":"repeat","background-position":"center center","background-size":"auto","background-attachment":"scroll","background-type":"","background-media":"","overlay-type":"","overlay-color":"","overlay-opacity":"","overlay-gradient":""},"tablet":{"background-color":"var(--ast-global-color-5)","background-image":"","background-repeat":"repeat","background-position":"center center","background-size":"auto","background-attachment":"scroll","background-type":"","background-media":"","overlay-type":"","overlay-color":"","overlay-opacity":"","overlay-gradient":""},"mobile":{"background-color":"var(--ast-global-color-5)","background-image":"","background-repeat":"repeat","background-position":"center center","background-size":"auto","background-attachment":"scroll","background-type":"","background-media":"","overlay-type":"","overlay-color":"","overlay-opacity":"","overlay-gradient":""}},"footnotes":""},"class_list":["post-4419","page","type-page","status-publish","hentry"],"acf":[],"yoast_head":"<!-- This site is optimized with the Yoast SEO plugin v27.4 - https:\/\/yoast.com\/product\/yoast-seo-wordpress\/ -->\n<title>Privacy Policy - Mus\u00e9e du Bon P\u00e8re Fr\u00e9d\u00e9ric<\/title>\n<meta name=\"description\" content=\"Order And Payment Modes For online transactions, Square payments (Visa, MasterCard, and American Express) are welcome. You can also order by phone at\" \/>\n<meta name=\"robots\" content=\"index, follow, max-snippet:-1, max-image-preview:large, max-video-preview:-1\" \/>\n<link rel=\"canonical\" href=\"https:\/\/musee.perefrederic.ca\/en\/privacy-policy\/\" \/>\n<meta property=\"og:locale\" content=\"en_US\" \/>\n<meta property=\"og:type\" content=\"article\" \/>\n<meta property=\"og:title\" content=\"Privacy Policy - Mus\u00e9e du Bon P\u00e8re Fr\u00e9d\u00e9ric\" \/>\n<meta property=\"og:description\" content=\"Order And Payment Modes For online transactions, Square payments (Visa, MasterCard, and American Express) are welcome. You can also order by phone at\" \/>\n<meta property=\"og:url\" content=\"https:\/\/musee.perefrederic.ca\/en\/privacy-policy\/\" \/>\n<meta property=\"og:site_name\" content=\"Mus\u00e9e du Bon P\u00e8re Fr\u00e9d\u00e9ric\" \/>\n<meta property=\"article:modified_time\" content=\"2021-11-29T15:39:22+00:00\" \/>\n<meta property=\"og:image\" content=\"https:\/\/musee.perefrederic.ca\/wp-content\/uploads\/2021\/08\/Bon-Pere-Frederic-Logo.jpg\" \/>\n\t<meta property=\"og:image:width\" content=\"1200\" \/>\n\t<meta property=\"og:image:height\" content=\"630\" \/>\n\t<meta property=\"og:image:type\" content=\"image\/jpeg\" \/>\n<meta name=\"twitter:card\" content=\"summary_large_image\" \/>\n<meta name=\"twitter:label1\" content=\"Est. reading time\" \/>\n\t<meta name=\"twitter:data1\" content=\"3 minutes\" \/>\n<script type=\"application\/ld+json\" class=\"yoast-schema-graph\">{\"@context\":\"https:\\\/\\\/schema.org\",\"@graph\":[{\"@type\":\"WebPage\",\"@id\":\"https:\\\/\\\/musee.perefrederic.ca\\\/en\\\/privacy-policy\\\/\",\"url\":\"https:\\\/\\\/musee.perefrederic.ca\\\/en\\\/privacy-policy\\\/\",\"name\":\"Privacy Policy - Mus\u00e9e du Bon P\u00e8re Fr\u00e9d\u00e9ric\",\"isPartOf\":{\"@id\":\"https:\\\/\\\/musee.perefrederic.ca\\\/#website\"},\"datePublished\":\"2021-11-29T15:38:26+00:00\",\"dateModified\":\"2021-11-29T15:39:22+00:00\",\"description\":\"Order And Payment Modes For online transactions, Square payments (Visa, MasterCard, and American Express) are welcome. You can also order by phone at\",\"breadcrumb\":{\"@id\":\"https:\\\/\\\/musee.perefrederic.ca\\\/en\\\/privacy-policy\\\/#breadcrumb\"},\"inLanguage\":\"en-US\",\"potentialAction\":[{\"@type\":\"ReadAction\",\"target\":[\"https:\\\/\\\/musee.perefrederic.ca\\\/en\\\/privacy-policy\\\/\"]}]},{\"@type\":\"BreadcrumbList\",\"@id\":\"https:\\\/\\\/musee.perefrederic.ca\\\/en\\\/privacy-policy\\\/#breadcrumb\",\"itemListElement\":[{\"@type\":\"ListItem\",\"position\":1,\"name\":\"Accueil\",\"item\":\"https:\\\/\\\/musee.perefrederic.ca\\\/en\\\/\"},{\"@type\":\"ListItem\",\"position\":2,\"name\":\"Privacy Policy\"}]},{\"@type\":\"WebSite\",\"@id\":\"https:\\\/\\\/musee.perefrederic.ca\\\/#website\",\"url\":\"https:\\\/\\\/musee.perefrederic.ca\\\/\",\"name\":\"Mus\u00e9e du Bon P\u00e8re Fr\u00e9d\u00e9ric\",\"description\":\"D\u00e9couvrez l\u2019homme et son histoire\",\"publisher\":{\"@id\":\"https:\\\/\\\/musee.perefrederic.ca\\\/#organization\"},\"potentialAction\":[{\"@type\":\"SearchAction\",\"target\":{\"@type\":\"EntryPoint\",\"urlTemplate\":\"https:\\\/\\\/musee.perefrederic.ca\\\/?s={search_term_string}\"},\"query-input\":{\"@type\":\"PropertyValueSpecification\",\"valueRequired\":true,\"valueName\":\"search_term_string\"}}],\"inLanguage\":\"en-US\"},{\"@type\":\"Organization\",\"@id\":\"https:\\\/\\\/musee.perefrederic.ca\\\/#organization\",\"name\":\"Mus\u00e9e du Bon P\u00e8re Fr\u00e9d\u00e9ric\",\"url\":\"https:\\\/\\\/musee.perefrederic.ca\\\/\",\"logo\":{\"@type\":\"ImageObject\",\"inLanguage\":\"en-US\",\"@id\":\"https:\\\/\\\/musee.perefrederic.ca\\\/#\\\/schema\\\/logo\\\/image\\\/\",\"url\":\"https:\\\/\\\/musee.perefrederic.ca\\\/wp-content\\\/uploads\\\/2021\\\/04\\\/logo-home-dark.png\",\"contentUrl\":\"https:\\\/\\\/musee.perefrederic.ca\\\/wp-content\\\/uploads\\\/2021\\\/04\\\/logo-home-dark.png\",\"width\":354,\"height\":282,\"caption\":\"Mus\u00e9e du Bon P\u00e8re Fr\u00e9d\u00e9ric\"},\"image\":{\"@id\":\"https:\\\/\\\/musee.perefrederic.ca\\\/#\\\/schema\\\/logo\\\/image\\\/\"}}]}<\/script>\n<!-- \/ Yoast SEO plugin. -->","yoast_head_json":{"title":"Privacy Policy - Mus\u00e9e du Bon P\u00e8re Fr\u00e9d\u00e9ric","description":"Order And Payment Modes For online transactions, Square payments (Visa, MasterCard, and American Express) are welcome. You can also order by phone at","robots":{"index":"index","follow":"follow","max-snippet":"max-snippet:-1","max-image-preview":"max-image-preview:large","max-video-preview":"max-video-preview:-1"},"canonical":"https:\/\/musee.perefrederic.ca\/en\/privacy-policy\/","og_locale":"en_US","og_type":"article","og_title":"Privacy Policy - Mus\u00e9e du Bon P\u00e8re Fr\u00e9d\u00e9ric","og_description":"Order And Payment Modes For online transactions, Square payments (Visa, MasterCard, and American Express) are welcome. You can also order by phone at","og_url":"https:\/\/musee.perefrederic.ca\/en\/privacy-policy\/","og_site_name":"Mus\u00e9e du Bon P\u00e8re Fr\u00e9d\u00e9ric","article_modified_time":"2021-11-29T15:39:22+00:00","og_image":[{"width":1200,"height":630,"url":"https:\/\/musee.perefrederic.ca\/wp-content\/uploads\/2021\/08\/Bon-Pere-Frederic-Logo.jpg","type":"image\/jpeg"}],"twitter_card":"summary_large_image","twitter_misc":{"Est. reading time":"3 minutes"},"schema":{"@context":"https:\/\/schema.org","@graph":[{"@type":"WebPage","@id":"https:\/\/musee.perefrederic.ca\/en\/privacy-policy\/","url":"https:\/\/musee.perefrederic.ca\/en\/privacy-policy\/","name":"Privacy Policy - Mus\u00e9e du Bon P\u00e8re Fr\u00e9d\u00e9ric","isPartOf":{"@id":"https:\/\/musee.perefrederic.ca\/#website"},"datePublished":"2021-11-29T15:38:26+00:00","dateModified":"2021-11-29T15:39:22+00:00","description":"Order And Payment Modes For online transactions, Square payments (Visa, MasterCard, and American Express) are welcome. You can also order by phone at","breadcrumb":{"@id":"https:\/\/musee.perefrederic.ca\/en\/privacy-policy\/#breadcrumb"},"inLanguage":"en-US","potentialAction":[{"@type":"ReadAction","target":["https:\/\/musee.perefrederic.ca\/en\/privacy-policy\/"]}]},{"@type":"BreadcrumbList","@id":"https:\/\/musee.perefrederic.ca\/en\/privacy-policy\/#breadcrumb","itemListElement":[{"@type":"ListItem","position":1,"name":"Accueil","item":"https:\/\/musee.perefrederic.ca\/en\/"},{"@type":"ListItem","position":2,"name":"Privacy Policy"}]},{"@type":"WebSite","@id":"https:\/\/musee.perefrederic.ca\/#website","url":"https:\/\/musee.perefrederic.ca\/","name":"Mus\u00e9e du Bon P\u00e8re Fr\u00e9d\u00e9ric","description":"D\u00e9couvrez l\u2019homme et son histoire","publisher":{"@id":"https:\/\/musee.perefrederic.ca\/#organization"},"potentialAction":[{"@type":"SearchAction","target":{"@type":"EntryPoint","urlTemplate":"https:\/\/musee.perefrederic.ca\/?s={search_term_string}"},"query-input":{"@type":"PropertyValueSpecification","valueRequired":true,"valueName":"search_term_string"}}],"inLanguage":"en-US"},{"@type":"Organization","@id":"https:\/\/musee.perefrederic.ca\/#organization","name":"Mus\u00e9e du Bon P\u00e8re Fr\u00e9d\u00e9ric","url":"https:\/\/musee.perefrederic.ca\/","logo":{"@type":"ImageObject","inLanguage":"en-US","@id":"https:\/\/musee.perefrederic.ca\/#\/schema\/logo\/image\/","url":"https:\/\/musee.perefrederic.ca\/wp-content\/uploads\/2021\/04\/logo-home-dark.png","contentUrl":"https:\/\/musee.perefrederic.ca\/wp-content\/uploads\/2021\/04\/logo-home-dark.png","width":354,"height":282,"caption":"Mus\u00e9e du Bon P\u00e8re Fr\u00e9d\u00e9ric"},"image":{"@id":"https:\/\/musee.perefrederic.ca\/#\/schema\/logo\/image\/"}}]}},"_links":{"self":[{"href":"https:\/\/musee.perefrederic.ca\/en\/wp-json\/wp\/v2\/pages\/4419","targetHints":{"allow":["GET"]}}],"collection":[{"href":"https:\/\/musee.perefrederic.ca\/en\/wp-json\/wp\/v2\/pages"}],"about":[{"href":"https:\/\/musee.perefrederic.ca\/en\/wp-json\/wp\/v2\/types\/page"}],"author":[{"embeddable":true,"href":"https:\/\/musee.perefrederic.ca\/en\/wp-json\/wp\/v2\/users\/1"}],"replies":[{"embeddable":true,"href":"https:\/\/musee.perefrederic.ca\/en\/wp-json\/wp\/v2\/comments?post=4419"}],"version-history":[{"count":4,"href":"https:\/\/musee.perefrederic.ca\/en\/wp-json\/wp\/v2\/pages\/4419\/revisions"}],"predecessor-version":[{"id":4423,"href":"https:\/\/musee.perefrederic.ca\/en\/wp-json\/wp\/v2\/pages\/4419\/revisions\/4423"}],"wp:attachment":[{"href":"https:\/\/musee.perefrederic.ca\/en\/wp-json\/wp\/v2\/media?parent=4419"}],"curies":[{"name":"wp","href":"https:\/\/api.w.org\/{rel}","templated":true}]}}