{"id":4998,"date":"2024-06-28T11:29:59","date_gmt":"2024-06-28T15:29:59","guid":{"rendered":"https:\/\/musee.perefrederic.ca\/boutique\/father-frederic-a-messenger-of-god-from-france-to-quebec-by-dominique-bar\/"},"modified":"2025-12-05T17:08:11","modified_gmt":"2025-12-05T22:08:11","slug":"father-frederic-a-messenger-of-god-from-france-to-quebec-by-dominique-bar","status":"publish","type":"product","link":"https:\/\/musee.perefrederic.ca\/en\/boutique\/father-frederic-a-messenger-of-god-from-france-to-quebec-by-dominique-bar\/","title":{"rendered":"FATHER FREDERIC A MESSENGER OF GOD, FROM FRANCE TO QUEBEC"},"content":{"rendered":"<p>AUTHORS: DOMINIQUE BAR AND LOUIS-BERNARD KOCH<\/p>\n<p>Born in 1838 in Ghyvelde in French Flanders, near Dunkirk, Fr\u00e9d\u00e9ric, the youngest in the Janssoone family, was chosen by the Lord. He joined the Franciscans and was ordained a priest in 1870.<br \/>\nHe spent 10 years in the Holy Land, serving as vicar custodian and working towards good relations among the different faiths at the holy sites, before settling permanently in Quebec.<br \/>\nHis entire life as a missionary and preacher was driven by his desire to make God&#8217;s love known to as many people as possible and to increase Marian devotion.<br \/>\nThe many miracles he performed during his lifetime led him to be regarded as a saint long before his beatification in 1988.<\/p>\n<p><em>Editions du Triomphe<\/em><\/p>\n<p><em>2016<\/em><\/p>\n<p><em>41 pages<\/em><\/p>\n","protected":false},"excerpt":{"rendered":"<p>AUTHORS: DOMINIQUE BAR AND LOUIS-BERNARD KOCH Born in 1838 in Ghyvelde in French Flanders, near Dunkirk, Fr\u00e9d\u00e9ric, the youngest in the Janssoone family, was chosen by the Lord. He joined the Franciscans and was ordained a priest in 1870. He spent 10 years in the Holy Land, serving as vicar custodian and working towards good [&hellip;]<\/p>\n","protected":false},"featured_media":5912,"template":"","meta":{"_acf_changed":false,"site-sidebar-layout":"default","site-content-layout":"","ast-site-content-layout":"default","site-content-style":"default","site-sidebar-style":"default","ast-global-header-display":"","ast-banner-title-visibility":"","ast-main-header-display":"","ast-hfb-above-header-display":"","ast-hfb-below-header-display":"","ast-hfb-mobile-header-display":"","site-post-title":"","ast-breadcrumbs-content":"","ast-featured-img":"","footer-sml-layout":"","ast-disable-related-posts":"","theme-transparent-header-meta":"default","adv-header-id-meta":"","stick-header-meta":"","header-above-stick-meta":"","header-main-stick-meta":"","header-below-stick-meta":"","astra-migrate-meta-layouts":"set","ast-page-background-enabled":"default","ast-page-background-meta":{"desktop":{"background-color":"","background-image":"","background-repeat":"repeat","background-position":"center center","background-size":"auto","background-attachment":"scroll","background-type":"","background-media":"","overlay-type":"","overlay-color":"","overlay-opacity":"","overlay-gradient":""},"tablet":{"background-color":"","background-image":"","background-repeat":"repeat","background-position":"center center","background-size":"auto","background-attachment":"scroll","background-type":"","background-media":"","overlay-type":"","overlay-color":"","overlay-opacity":"","overlay-gradient":""},"mobile":{"background-color":"","background-image":"","background-repeat":"repeat","background-position":"center center","background-size":"auto","background-attachment":"scroll","background-type":"","background-media":"","overlay-type":"","overlay-color":"","overlay-opacity":"","overlay-gradient":""}},"ast-content-background-meta":{"desktop":{"background-color":"var(--ast-global-color-5)","background-image":"","background-repeat":"repeat","background-position":"center center","background-size":"auto","background-attachment":"scroll","background-type":"","background-media":"","overlay-type":"","overlay-color":"","overlay-opacity":"","overlay-gradient":""},"tablet":{"background-color":"var(--ast-global-color-5)","background-image":"","background-repeat":"repeat","background-position":"center center","background-size":"auto","background-attachment":"scroll","background-type":"","background-media":"","overlay-type":"","overlay-color":"","overlay-opacity":"","overlay-gradient":""},"mobile":{"background-color":"var(--ast-global-color-5)","background-image":"","background-repeat":"repeat","background-position":"center center","background-size":"auto","background-attachment":"scroll","background-type":"","background-media":"","overlay-type":"","overlay-color":"","overlay-opacity":"","overlay-gradient":""}}},"product_brand":[],"product_cat":[71],"product_tag":[],"class_list":{"0":"post-4998","1":"product","2":"type-product","3":"status-publish","4":"has-post-thumbnail","6":"product_cat-books","7":"desktop-align-left","8":"tablet-align-left","9":"mobile-align-left","11":"first","12":"instock","13":"purchasable","14":"product-type-simple"},"acf":[],"yoast_head":"<!-- This site is optimized with the Yoast SEO plugin v27.4 - https:\/\/yoast.com\/product\/yoast-seo-wordpress\/ -->\n<title>FATHER FREDERIC A MESSENGER OF GOD, FROM FRANCE TO QUEBEC - Mus\u00e9e du Bon P\u00e8re Fr\u00e9d\u00e9ric<\/title>\n<meta name=\"description\" content=\"D\u00e9couvrez nos produits \u00e0 l&#039;effigie du Bon P\u00e8re Fr\u00e9d\u00e9ric dont : FATHER FREDERIC A MESSENGER OF GOD, FROM FRANCE TO QUEBEC - Visitez notre boutique!\" \/>\n<meta name=\"robots\" content=\"index, follow, max-snippet:-1, max-image-preview:large, max-video-preview:-1\" \/>\n<link rel=\"canonical\" href=\"https:\/\/musee.perefrederic.ca\/en\/boutique\/father-frederic-a-messenger-of-god-from-france-to-quebec-by-dominique-bar\/\" \/>\n<meta property=\"og:locale\" content=\"en_US\" \/>\n<meta property=\"og:type\" content=\"article\" \/>\n<meta property=\"og:title\" content=\"FATHER FREDERIC A MESSENGER OF GOD, FROM FRANCE TO QUEBEC - Mus\u00e9e du Bon P\u00e8re Fr\u00e9d\u00e9ric\" \/>\n<meta property=\"og:description\" content=\"D\u00e9couvrez nos produits \u00e0 l&#039;effigie du Bon P\u00e8re Fr\u00e9d\u00e9ric dont : FATHER FREDERIC A MESSENGER OF GOD, FROM FRANCE TO QUEBEC - Visitez notre boutique!\" \/>\n<meta property=\"og:url\" content=\"https:\/\/musee.perefrederic.ca\/en\/boutique\/father-frederic-a-messenger-of-god-from-france-to-quebec-by-dominique-bar\/\" \/>\n<meta property=\"og:site_name\" content=\"Mus\u00e9e du Bon P\u00e8re Fr\u00e9d\u00e9ric\" \/>\n<meta property=\"article:modified_time\" content=\"2025-12-05T22:08:11+00:00\" \/>\n<meta property=\"og:image\" content=\"https:\/\/musee.perefrederic.ca\/wp-content\/uploads\/2024\/06\/original-79.jpeg\" \/>\n\t<meta property=\"og:image:width\" content=\"600\" \/>\n\t<meta property=\"og:image:height\" content=\"600\" \/>\n\t<meta property=\"og:image:type\" content=\"image\/jpeg\" \/>\n<meta name=\"twitter:card\" content=\"summary_large_image\" \/>\n<meta name=\"twitter:label1\" content=\"Est. reading time\" \/>\n\t<meta name=\"twitter:data1\" content=\"1 minute\" \/>\n<script type=\"application\/ld+json\" class=\"yoast-schema-graph\">{\"@context\":\"https:\\\/\\\/schema.org\",\"@graph\":[{\"@type\":\"WebPage\",\"@id\":\"https:\\\/\\\/musee.perefrederic.ca\\\/en\\\/boutique\\\/father-frederic-a-messenger-of-god-from-france-to-quebec-by-dominique-bar\\\/\",\"url\":\"https:\\\/\\\/musee.perefrederic.ca\\\/en\\\/boutique\\\/father-frederic-a-messenger-of-god-from-france-to-quebec-by-dominique-bar\\\/\",\"name\":\"FATHER FREDERIC A MESSENGER OF GOD, FROM FRANCE TO QUEBEC - Mus\u00e9e du Bon P\u00e8re Fr\u00e9d\u00e9ric\",\"isPartOf\":{\"@id\":\"https:\\\/\\\/musee.perefrederic.ca\\\/#website\"},\"primaryImageOfPage\":{\"@id\":\"https:\\\/\\\/musee.perefrederic.ca\\\/en\\\/boutique\\\/father-frederic-a-messenger-of-god-from-france-to-quebec-by-dominique-bar\\\/#primaryimage\"},\"image\":{\"@id\":\"https:\\\/\\\/musee.perefrederic.ca\\\/en\\\/boutique\\\/father-frederic-a-messenger-of-god-from-france-to-quebec-by-dominique-bar\\\/#primaryimage\"},\"thumbnailUrl\":\"https:\\\/\\\/musee.perefrederic.ca\\\/wp-content\\\/uploads\\\/2024\\\/06\\\/original-79.jpeg\",\"datePublished\":\"2024-06-28T15:29:59+00:00\",\"dateModified\":\"2025-12-05T22:08:11+00:00\",\"description\":\"D\u00e9couvrez nos produits \u00e0 l'effigie du Bon P\u00e8re Fr\u00e9d\u00e9ric dont : FATHER FREDERIC A MESSENGER OF GOD, FROM FRANCE TO QUEBEC - Visitez notre boutique!\",\"breadcrumb\":{\"@id\":\"https:\\\/\\\/musee.perefrederic.ca\\\/en\\\/boutique\\\/father-frederic-a-messenger-of-god-from-france-to-quebec-by-dominique-bar\\\/#breadcrumb\"},\"inLanguage\":\"en-US\",\"potentialAction\":[{\"@type\":\"ReadAction\",\"target\":[\"https:\\\/\\\/musee.perefrederic.ca\\\/en\\\/boutique\\\/father-frederic-a-messenger-of-god-from-france-to-quebec-by-dominique-bar\\\/\"]}]},{\"@type\":\"ImageObject\",\"inLanguage\":\"en-US\",\"@id\":\"https:\\\/\\\/musee.perefrederic.ca\\\/en\\\/boutique\\\/father-frederic-a-messenger-of-god-from-france-to-quebec-by-dominique-bar\\\/#primaryimage\",\"url\":\"https:\\\/\\\/musee.perefrederic.ca\\\/wp-content\\\/uploads\\\/2024\\\/06\\\/original-79.jpeg\",\"contentUrl\":\"https:\\\/\\\/musee.perefrederic.ca\\\/wp-content\\\/uploads\\\/2024\\\/06\\\/original-79.jpeg\",\"width\":600,\"height\":600},{\"@type\":\"BreadcrumbList\",\"@id\":\"https:\\\/\\\/musee.perefrederic.ca\\\/en\\\/boutique\\\/father-frederic-a-messenger-of-god-from-france-to-quebec-by-dominique-bar\\\/#breadcrumb\",\"itemListElement\":[{\"@type\":\"ListItem\",\"position\":1,\"name\":\"Accueil\",\"item\":\"https:\\\/\\\/musee.perefrederic.ca\\\/en\\\/\"},{\"@type\":\"ListItem\",\"position\":2,\"name\":\"Store\",\"item\":\"https:\\\/\\\/musee.perefrederic.ca\\\/en\\\/shop\\\/\"},{\"@type\":\"ListItem\",\"position\":3,\"name\":\"FATHER FREDERIC A MESSENGER OF GOD, FROM FRANCE TO QUEBEC\"}]},{\"@type\":\"WebSite\",\"@id\":\"https:\\\/\\\/musee.perefrederic.ca\\\/#website\",\"url\":\"https:\\\/\\\/musee.perefrederic.ca\\\/\",\"name\":\"Mus\u00e9e du Bon P\u00e8re Fr\u00e9d\u00e9ric\",\"description\":\"D\u00e9couvrez l\u2019homme et son histoire\",\"publisher\":{\"@id\":\"https:\\\/\\\/musee.perefrederic.ca\\\/#organization\"},\"potentialAction\":[{\"@type\":\"SearchAction\",\"target\":{\"@type\":\"EntryPoint\",\"urlTemplate\":\"https:\\\/\\\/musee.perefrederic.ca\\\/?s={search_term_string}\"},\"query-input\":{\"@type\":\"PropertyValueSpecification\",\"valueRequired\":true,\"valueName\":\"search_term_string\"}}],\"inLanguage\":\"en-US\"},{\"@type\":\"Organization\",\"@id\":\"https:\\\/\\\/musee.perefrederic.ca\\\/#organization\",\"name\":\"Mus\u00e9e du Bon P\u00e8re Fr\u00e9d\u00e9ric\",\"url\":\"https:\\\/\\\/musee.perefrederic.ca\\\/\",\"logo\":{\"@type\":\"ImageObject\",\"inLanguage\":\"en-US\",\"@id\":\"https:\\\/\\\/musee.perefrederic.ca\\\/#\\\/schema\\\/logo\\\/image\\\/\",\"url\":\"https:\\\/\\\/musee.perefrederic.ca\\\/wp-content\\\/uploads\\\/2021\\\/04\\\/logo-home-dark.png\",\"contentUrl\":\"https:\\\/\\\/musee.perefrederic.ca\\\/wp-content\\\/uploads\\\/2021\\\/04\\\/logo-home-dark.png\",\"width\":354,\"height\":282,\"caption\":\"Mus\u00e9e du Bon P\u00e8re Fr\u00e9d\u00e9ric\"},\"image\":{\"@id\":\"https:\\\/\\\/musee.perefrederic.ca\\\/#\\\/schema\\\/logo\\\/image\\\/\"}}]}<\/script>\n<!-- \/ Yoast SEO plugin. -->","yoast_head_json":{"title":"FATHER FREDERIC A MESSENGER OF GOD, FROM FRANCE TO QUEBEC - Mus\u00e9e du Bon P\u00e8re Fr\u00e9d\u00e9ric","description":"D\u00e9couvrez nos produits \u00e0 l'effigie du Bon P\u00e8re Fr\u00e9d\u00e9ric dont : FATHER FREDERIC A MESSENGER OF GOD, FROM FRANCE TO QUEBEC - Visitez notre boutique!","robots":{"index":"index","follow":"follow","max-snippet":"max-snippet:-1","max-image-preview":"max-image-preview:large","max-video-preview":"max-video-preview:-1"},"canonical":"https:\/\/musee.perefrederic.ca\/en\/boutique\/father-frederic-a-messenger-of-god-from-france-to-quebec-by-dominique-bar\/","og_locale":"en_US","og_type":"article","og_title":"FATHER FREDERIC A MESSENGER OF GOD, FROM FRANCE TO QUEBEC - Mus\u00e9e du Bon P\u00e8re Fr\u00e9d\u00e9ric","og_description":"D\u00e9couvrez nos produits \u00e0 l'effigie du Bon P\u00e8re Fr\u00e9d\u00e9ric dont : FATHER FREDERIC A MESSENGER OF GOD, FROM FRANCE TO QUEBEC - Visitez notre boutique!","og_url":"https:\/\/musee.perefrederic.ca\/en\/boutique\/father-frederic-a-messenger-of-god-from-france-to-quebec-by-dominique-bar\/","og_site_name":"Mus\u00e9e du Bon P\u00e8re Fr\u00e9d\u00e9ric","article_modified_time":"2025-12-05T22:08:11+00:00","og_image":[{"width":600,"height":600,"url":"https:\/\/musee.perefrederic.ca\/wp-content\/uploads\/2024\/06\/original-79.jpeg","type":"image\/jpeg"}],"twitter_card":"summary_large_image","twitter_misc":{"Est. reading time":"1 minute"},"schema":{"@context":"https:\/\/schema.org","@graph":[{"@type":"WebPage","@id":"https:\/\/musee.perefrederic.ca\/en\/boutique\/father-frederic-a-messenger-of-god-from-france-to-quebec-by-dominique-bar\/","url":"https:\/\/musee.perefrederic.ca\/en\/boutique\/father-frederic-a-messenger-of-god-from-france-to-quebec-by-dominique-bar\/","name":"FATHER FREDERIC A MESSENGER OF GOD, FROM FRANCE TO QUEBEC - Mus\u00e9e du Bon P\u00e8re Fr\u00e9d\u00e9ric","isPartOf":{"@id":"https:\/\/musee.perefrederic.ca\/#website"},"primaryImageOfPage":{"@id":"https:\/\/musee.perefrederic.ca\/en\/boutique\/father-frederic-a-messenger-of-god-from-france-to-quebec-by-dominique-bar\/#primaryimage"},"image":{"@id":"https:\/\/musee.perefrederic.ca\/en\/boutique\/father-frederic-a-messenger-of-god-from-france-to-quebec-by-dominique-bar\/#primaryimage"},"thumbnailUrl":"https:\/\/musee.perefrederic.ca\/wp-content\/uploads\/2024\/06\/original-79.jpeg","datePublished":"2024-06-28T15:29:59+00:00","dateModified":"2025-12-05T22:08:11+00:00","description":"D\u00e9couvrez nos produits \u00e0 l'effigie du Bon P\u00e8re Fr\u00e9d\u00e9ric dont : FATHER FREDERIC A MESSENGER OF GOD, FROM FRANCE TO QUEBEC - Visitez notre boutique!","breadcrumb":{"@id":"https:\/\/musee.perefrederic.ca\/en\/boutique\/father-frederic-a-messenger-of-god-from-france-to-quebec-by-dominique-bar\/#breadcrumb"},"inLanguage":"en-US","potentialAction":[{"@type":"ReadAction","target":["https:\/\/musee.perefrederic.ca\/en\/boutique\/father-frederic-a-messenger-of-god-from-france-to-quebec-by-dominique-bar\/"]}]},{"@type":"ImageObject","inLanguage":"en-US","@id":"https:\/\/musee.perefrederic.ca\/en\/boutique\/father-frederic-a-messenger-of-god-from-france-to-quebec-by-dominique-bar\/#primaryimage","url":"https:\/\/musee.perefrederic.ca\/wp-content\/uploads\/2024\/06\/original-79.jpeg","contentUrl":"https:\/\/musee.perefrederic.ca\/wp-content\/uploads\/2024\/06\/original-79.jpeg","width":600,"height":600},{"@type":"BreadcrumbList","@id":"https:\/\/musee.perefrederic.ca\/en\/boutique\/father-frederic-a-messenger-of-god-from-france-to-quebec-by-dominique-bar\/#breadcrumb","itemListElement":[{"@type":"ListItem","position":1,"name":"Accueil","item":"https:\/\/musee.perefrederic.ca\/en\/"},{"@type":"ListItem","position":2,"name":"Store","item":"https:\/\/musee.perefrederic.ca\/en\/shop\/"},{"@type":"ListItem","position":3,"name":"FATHER FREDERIC A MESSENGER OF GOD, FROM FRANCE TO QUEBEC"}]},{"@type":"WebSite","@id":"https:\/\/musee.perefrederic.ca\/#website","url":"https:\/\/musee.perefrederic.ca\/","name":"Mus\u00e9e du Bon P\u00e8re Fr\u00e9d\u00e9ric","description":"D\u00e9couvrez l\u2019homme et son histoire","publisher":{"@id":"https:\/\/musee.perefrederic.ca\/#organization"},"potentialAction":[{"@type":"SearchAction","target":{"@type":"EntryPoint","urlTemplate":"https:\/\/musee.perefrederic.ca\/?s={search_term_string}"},"query-input":{"@type":"PropertyValueSpecification","valueRequired":true,"valueName":"search_term_string"}}],"inLanguage":"en-US"},{"@type":"Organization","@id":"https:\/\/musee.perefrederic.ca\/#organization","name":"Mus\u00e9e du Bon P\u00e8re Fr\u00e9d\u00e9ric","url":"https:\/\/musee.perefrederic.ca\/","logo":{"@type":"ImageObject","inLanguage":"en-US","@id":"https:\/\/musee.perefrederic.ca\/#\/schema\/logo\/image\/","url":"https:\/\/musee.perefrederic.ca\/wp-content\/uploads\/2021\/04\/logo-home-dark.png","contentUrl":"https:\/\/musee.perefrederic.ca\/wp-content\/uploads\/2021\/04\/logo-home-dark.png","width":354,"height":282,"caption":"Mus\u00e9e du Bon P\u00e8re Fr\u00e9d\u00e9ric"},"image":{"@id":"https:\/\/musee.perefrederic.ca\/#\/schema\/logo\/image\/"}}]}},"_links":{"self":[{"href":"https:\/\/musee.perefrederic.ca\/en\/wp-json\/wp\/v2\/product\/4998","targetHints":{"allow":["GET"]}}],"collection":[{"href":"https:\/\/musee.perefrederic.ca\/en\/wp-json\/wp\/v2\/product"}],"about":[{"href":"https:\/\/musee.perefrederic.ca\/en\/wp-json\/wp\/v2\/types\/product"}],"wp:featuredmedia":[{"embeddable":true,"href":"https:\/\/musee.perefrederic.ca\/en\/wp-json\/wp\/v2\/media\/5912"}],"wp:attachment":[{"href":"https:\/\/musee.perefrederic.ca\/en\/wp-json\/wp\/v2\/media?parent=4998"}],"wp:term":[{"taxonomy":"product_brand","embeddable":true,"href":"https:\/\/musee.perefrederic.ca\/en\/wp-json\/wp\/v2\/product_brand?post=4998"},{"taxonomy":"product_cat","embeddable":true,"href":"https:\/\/musee.perefrederic.ca\/en\/wp-json\/wp\/v2\/product_cat?post=4998"},{"taxonomy":"product_tag","embeddable":true,"href":"https:\/\/musee.perefrederic.ca\/en\/wp-json\/wp\/v2\/product_tag?post=4998"}],"curies":[{"name":"wp","href":"https:\/\/api.w.org\/{rel}","templated":true}]}}