{"id":5032,"date":"2024-06-28T11:30:39","date_gmt":"2024-06-28T15:30:39","guid":{"rendered":"https:\/\/musee.perefrederic.ca\/boutique\/the-miraculous-story-of-our-lady-of-the-cape-by-fr-jacques-breton\/"},"modified":"2025-12-05T15:49:30","modified_gmt":"2025-12-05T20:49:30","slug":"the-miraculous-story-of-our-lady-of-the-cape-by-fr-jacques-breton","status":"publish","type":"product","link":"https:\/\/musee.perefrederic.ca\/en\/boutique\/the-miraculous-story-of-our-lady-of-the-cape-by-fr-jacques-breton\/","title":{"rendered":"THE MIRACULOUS STORY OF OUR LADY OF THE CAPE"},"content":{"rendered":"<p>AUTHOR: JACQUES BRETON, FSSP<\/p>\n<p>&#8220;Canada is the work of God&#8221;<\/p>\n<p>such was the happy observation of Father J\u00e9r\u00f4me Lalemant in 1663, when he was superior of the Jesuits in Canada.\u00a0 The extraordinary intervention of God, the Virgin Mary, and other saints in the evangelization of this country was such that no one could ever convince the missionaries of the contrary.\u00a0 Had this country not been consecrated to the Lord as early as 1534, when Jacques Cartier officially planted the first cross in the name of the King of France?\u00a0 Didn&#8217;t this man from Saint-Malo also unconsciously consecrate a place in the country to the Virgin of the Rosary when he planted another cross at the three rivers on October 7, 1535?<\/p>\n<p>The wonderful story of the Virgin of Cap-de-la-Madeleine is one of the most beautiful manifestations of this benevolence of the Blessed Virgin towards the Canadian people.\u00a0 In the 19th century, while many European countries were rejecting their Christian roots, the faith of Canadians was in full bloom.\u00a0 This revival was due in large part to the many graces that the Virgin Mary lavished on the country through Father Luc D\u00e9silets.\u00a0 This is why Pope Saint Pius X did not hesitate to crown the Virgin of Cape Town as the Madonna of Canadians.<\/p>\n<p>All those who discover the many forgotten prodigies of Our Lady of the Cape, will be able to take up the words of King David &#8220;<strong>He has not done this for any nation<\/strong>&#8221; (Pasalm 147, verse 20).<\/p>\n<p><em>\u00c9ditions Il sait porter la croix<\/em><\/p>\n<p><em>2021<\/em><\/p>\n<p><em>38 pages<\/em><\/p>\n","protected":false},"excerpt":{"rendered":"<p>AUTHOR: JACQUES BRETON, FSSP &#8220;Canada is the work of God&#8221; such was the happy observation of Father J\u00e9r\u00f4me Lalemant in 1663, when he was superior of the Jesuits in Canada.\u00a0 The extraordinary intervention of God, the Virgin Mary, and other saints in the evangelization of this country was such that no one could ever convince [&hellip;]<\/p>\n","protected":false},"featured_media":5259,"template":"","meta":{"_acf_changed":false,"site-sidebar-layout":"default","site-content-layout":"","ast-site-content-layout":"default","site-content-style":"default","site-sidebar-style":"default","ast-global-header-display":"","ast-banner-title-visibility":"","ast-main-header-display":"","ast-hfb-above-header-display":"","ast-hfb-below-header-display":"","ast-hfb-mobile-header-display":"","site-post-title":"","ast-breadcrumbs-content":"","ast-featured-img":"","footer-sml-layout":"","ast-disable-related-posts":"","theme-transparent-header-meta":"default","adv-header-id-meta":"","stick-header-meta":"","header-above-stick-meta":"","header-main-stick-meta":"","header-below-stick-meta":"","astra-migrate-meta-layouts":"set","ast-page-background-enabled":"default","ast-page-background-meta":{"desktop":{"background-color":"","background-image":"","background-repeat":"repeat","background-position":"center center","background-size":"auto","background-attachment":"scroll","background-type":"","background-media":"","overlay-type":"","overlay-color":"","overlay-opacity":"","overlay-gradient":""},"tablet":{"background-color":"","background-image":"","background-repeat":"repeat","background-position":"center center","background-size":"auto","background-attachment":"scroll","background-type":"","background-media":"","overlay-type":"","overlay-color":"","overlay-opacity":"","overlay-gradient":""},"mobile":{"background-color":"","background-image":"","background-repeat":"repeat","background-position":"center center","background-size":"auto","background-attachment":"scroll","background-type":"","background-media":"","overlay-type":"","overlay-color":"","overlay-opacity":"","overlay-gradient":""}},"ast-content-background-meta":{"desktop":{"background-color":"var(--ast-global-color-5)","background-image":"","background-repeat":"repeat","background-position":"center center","background-size":"auto","background-attachment":"scroll","background-type":"","background-media":"","overlay-type":"","overlay-color":"","overlay-opacity":"","overlay-gradient":""},"tablet":{"background-color":"var(--ast-global-color-5)","background-image":"","background-repeat":"repeat","background-position":"center center","background-size":"auto","background-attachment":"scroll","background-type":"","background-media":"","overlay-type":"","overlay-color":"","overlay-opacity":"","overlay-gradient":""},"mobile":{"background-color":"var(--ast-global-color-5)","background-image":"","background-repeat":"repeat","background-position":"center center","background-size":"auto","background-attachment":"scroll","background-type":"","background-media":"","overlay-type":"","overlay-color":"","overlay-opacity":"","overlay-gradient":""}}},"product_brand":[],"product_cat":[71],"product_tag":[],"class_list":{"0":"post-5032","1":"product","2":"type-product","3":"status-publish","4":"has-post-thumbnail","6":"product_cat-books","7":"desktop-align-left","8":"tablet-align-left","9":"mobile-align-left","11":"first","12":"instock","13":"purchasable","14":"product-type-simple"},"acf":[],"yoast_head":"<!-- This site is optimized with the Yoast SEO plugin v27.4 - https:\/\/yoast.com\/product\/yoast-seo-wordpress\/ -->\n<title>THE MIRACULOUS STORY OF OUR LADY OF THE CAPE - Mus\u00e9e du Bon P\u00e8re Fr\u00e9d\u00e9ric<\/title>\n<meta name=\"description\" content=\"D\u00e9couvrez nos produits \u00e0 l&#039;effigie du Bon P\u00e8re Fr\u00e9d\u00e9ric dont : THE MIRACULOUS STORY OF OUR LADY OF THE CAPE - Visitez notre boutique!\" \/>\n<meta name=\"robots\" content=\"index, follow, max-snippet:-1, max-image-preview:large, max-video-preview:-1\" \/>\n<link rel=\"canonical\" href=\"https:\/\/musee.perefrederic.ca\/en\/boutique\/the-miraculous-story-of-our-lady-of-the-cape-by-fr-jacques-breton\/\" \/>\n<meta property=\"og:locale\" content=\"en_US\" \/>\n<meta property=\"og:type\" content=\"article\" \/>\n<meta property=\"og:title\" content=\"THE MIRACULOUS STORY OF OUR LADY OF THE CAPE - Mus\u00e9e du Bon P\u00e8re Fr\u00e9d\u00e9ric\" \/>\n<meta property=\"og:description\" content=\"D\u00e9couvrez nos produits \u00e0 l&#039;effigie du Bon P\u00e8re Fr\u00e9d\u00e9ric dont : THE MIRACULOUS STORY OF OUR LADY OF THE CAPE - Visitez notre boutique!\" \/>\n<meta property=\"og:url\" content=\"https:\/\/musee.perefrederic.ca\/en\/boutique\/the-miraculous-story-of-our-lady-of-the-cape-by-fr-jacques-breton\/\" \/>\n<meta property=\"og:site_name\" content=\"Mus\u00e9e du Bon P\u00e8re Fr\u00e9d\u00e9ric\" \/>\n<meta property=\"article:modified_time\" content=\"2025-12-05T20:49:30+00:00\" \/>\n<meta property=\"og:image\" content=\"https:\/\/musee.perefrederic.ca\/wp-content\/uploads\/2024\/06\/livre_ndc_en.jpg\" \/>\n\t<meta property=\"og:image:width\" content=\"1237\" \/>\n\t<meta property=\"og:image:height\" content=\"1237\" \/>\n\t<meta property=\"og:image:type\" content=\"image\/jpeg\" \/>\n<meta name=\"twitter:card\" content=\"summary_large_image\" \/>\n<meta name=\"twitter:label1\" content=\"Est. reading time\" \/>\n\t<meta name=\"twitter:data1\" content=\"1 minute\" \/>\n<script type=\"application\/ld+json\" class=\"yoast-schema-graph\">{\"@context\":\"https:\\\/\\\/schema.org\",\"@graph\":[{\"@type\":\"WebPage\",\"@id\":\"https:\\\/\\\/musee.perefrederic.ca\\\/en\\\/boutique\\\/the-miraculous-story-of-our-lady-of-the-cape-by-fr-jacques-breton\\\/\",\"url\":\"https:\\\/\\\/musee.perefrederic.ca\\\/en\\\/boutique\\\/the-miraculous-story-of-our-lady-of-the-cape-by-fr-jacques-breton\\\/\",\"name\":\"THE MIRACULOUS STORY OF OUR LADY OF THE CAPE - Mus\u00e9e du Bon P\u00e8re Fr\u00e9d\u00e9ric\",\"isPartOf\":{\"@id\":\"https:\\\/\\\/musee.perefrederic.ca\\\/#website\"},\"primaryImageOfPage\":{\"@id\":\"https:\\\/\\\/musee.perefrederic.ca\\\/en\\\/boutique\\\/the-miraculous-story-of-our-lady-of-the-cape-by-fr-jacques-breton\\\/#primaryimage\"},\"image\":{\"@id\":\"https:\\\/\\\/musee.perefrederic.ca\\\/en\\\/boutique\\\/the-miraculous-story-of-our-lady-of-the-cape-by-fr-jacques-breton\\\/#primaryimage\"},\"thumbnailUrl\":\"https:\\\/\\\/musee.perefrederic.ca\\\/wp-content\\\/uploads\\\/2024\\\/06\\\/livre_ndc_en.jpg\",\"datePublished\":\"2024-06-28T15:30:39+00:00\",\"dateModified\":\"2025-12-05T20:49:30+00:00\",\"description\":\"D\u00e9couvrez nos produits \u00e0 l'effigie du Bon P\u00e8re Fr\u00e9d\u00e9ric dont : THE MIRACULOUS STORY OF OUR LADY OF THE CAPE - Visitez notre boutique!\",\"breadcrumb\":{\"@id\":\"https:\\\/\\\/musee.perefrederic.ca\\\/en\\\/boutique\\\/the-miraculous-story-of-our-lady-of-the-cape-by-fr-jacques-breton\\\/#breadcrumb\"},\"inLanguage\":\"en-US\",\"potentialAction\":[{\"@type\":\"ReadAction\",\"target\":[\"https:\\\/\\\/musee.perefrederic.ca\\\/en\\\/boutique\\\/the-miraculous-story-of-our-lady-of-the-cape-by-fr-jacques-breton\\\/\"]}]},{\"@type\":\"ImageObject\",\"inLanguage\":\"en-US\",\"@id\":\"https:\\\/\\\/musee.perefrederic.ca\\\/en\\\/boutique\\\/the-miraculous-story-of-our-lady-of-the-cape-by-fr-jacques-breton\\\/#primaryimage\",\"url\":\"https:\\\/\\\/musee.perefrederic.ca\\\/wp-content\\\/uploads\\\/2024\\\/06\\\/livre_ndc_en.jpg\",\"contentUrl\":\"https:\\\/\\\/musee.perefrederic.ca\\\/wp-content\\\/uploads\\\/2024\\\/06\\\/livre_ndc_en.jpg\",\"width\":1237,\"height\":1237},{\"@type\":\"BreadcrumbList\",\"@id\":\"https:\\\/\\\/musee.perefrederic.ca\\\/en\\\/boutique\\\/the-miraculous-story-of-our-lady-of-the-cape-by-fr-jacques-breton\\\/#breadcrumb\",\"itemListElement\":[{\"@type\":\"ListItem\",\"position\":1,\"name\":\"Accueil\",\"item\":\"https:\\\/\\\/musee.perefrederic.ca\\\/en\\\/\"},{\"@type\":\"ListItem\",\"position\":2,\"name\":\"Store\",\"item\":\"https:\\\/\\\/musee.perefrederic.ca\\\/en\\\/shop\\\/\"},{\"@type\":\"ListItem\",\"position\":3,\"name\":\"THE MIRACULOUS STORY OF OUR LADY OF THE CAPE\"}]},{\"@type\":\"WebSite\",\"@id\":\"https:\\\/\\\/musee.perefrederic.ca\\\/#website\",\"url\":\"https:\\\/\\\/musee.perefrederic.ca\\\/\",\"name\":\"Mus\u00e9e du Bon P\u00e8re Fr\u00e9d\u00e9ric\",\"description\":\"D\u00e9couvrez l\u2019homme et son histoire\",\"publisher\":{\"@id\":\"https:\\\/\\\/musee.perefrederic.ca\\\/#organization\"},\"potentialAction\":[{\"@type\":\"SearchAction\",\"target\":{\"@type\":\"EntryPoint\",\"urlTemplate\":\"https:\\\/\\\/musee.perefrederic.ca\\\/?s={search_term_string}\"},\"query-input\":{\"@type\":\"PropertyValueSpecification\",\"valueRequired\":true,\"valueName\":\"search_term_string\"}}],\"inLanguage\":\"en-US\"},{\"@type\":\"Organization\",\"@id\":\"https:\\\/\\\/musee.perefrederic.ca\\\/#organization\",\"name\":\"Mus\u00e9e du Bon P\u00e8re Fr\u00e9d\u00e9ric\",\"url\":\"https:\\\/\\\/musee.perefrederic.ca\\\/\",\"logo\":{\"@type\":\"ImageObject\",\"inLanguage\":\"en-US\",\"@id\":\"https:\\\/\\\/musee.perefrederic.ca\\\/#\\\/schema\\\/logo\\\/image\\\/\",\"url\":\"https:\\\/\\\/musee.perefrederic.ca\\\/wp-content\\\/uploads\\\/2021\\\/04\\\/logo-home-dark.png\",\"contentUrl\":\"https:\\\/\\\/musee.perefrederic.ca\\\/wp-content\\\/uploads\\\/2021\\\/04\\\/logo-home-dark.png\",\"width\":354,\"height\":282,\"caption\":\"Mus\u00e9e du Bon P\u00e8re Fr\u00e9d\u00e9ric\"},\"image\":{\"@id\":\"https:\\\/\\\/musee.perefrederic.ca\\\/#\\\/schema\\\/logo\\\/image\\\/\"}}]}<\/script>\n<!-- \/ Yoast SEO plugin. -->","yoast_head_json":{"title":"THE MIRACULOUS STORY OF OUR LADY OF THE CAPE - Mus\u00e9e du Bon P\u00e8re Fr\u00e9d\u00e9ric","description":"D\u00e9couvrez nos produits \u00e0 l'effigie du Bon P\u00e8re Fr\u00e9d\u00e9ric dont : THE MIRACULOUS STORY OF OUR LADY OF THE CAPE - Visitez notre boutique!","robots":{"index":"index","follow":"follow","max-snippet":"max-snippet:-1","max-image-preview":"max-image-preview:large","max-video-preview":"max-video-preview:-1"},"canonical":"https:\/\/musee.perefrederic.ca\/en\/boutique\/the-miraculous-story-of-our-lady-of-the-cape-by-fr-jacques-breton\/","og_locale":"en_US","og_type":"article","og_title":"THE MIRACULOUS STORY OF OUR LADY OF THE CAPE - Mus\u00e9e du Bon P\u00e8re Fr\u00e9d\u00e9ric","og_description":"D\u00e9couvrez nos produits \u00e0 l'effigie du Bon P\u00e8re Fr\u00e9d\u00e9ric dont : THE MIRACULOUS STORY OF OUR LADY OF THE CAPE - Visitez notre boutique!","og_url":"https:\/\/musee.perefrederic.ca\/en\/boutique\/the-miraculous-story-of-our-lady-of-the-cape-by-fr-jacques-breton\/","og_site_name":"Mus\u00e9e du Bon P\u00e8re Fr\u00e9d\u00e9ric","article_modified_time":"2025-12-05T20:49:30+00:00","og_image":[{"width":1237,"height":1237,"url":"https:\/\/musee.perefrederic.ca\/wp-content\/uploads\/2024\/06\/livre_ndc_en.jpg","type":"image\/jpeg"}],"twitter_card":"summary_large_image","twitter_misc":{"Est. reading time":"1 minute"},"schema":{"@context":"https:\/\/schema.org","@graph":[{"@type":"WebPage","@id":"https:\/\/musee.perefrederic.ca\/en\/boutique\/the-miraculous-story-of-our-lady-of-the-cape-by-fr-jacques-breton\/","url":"https:\/\/musee.perefrederic.ca\/en\/boutique\/the-miraculous-story-of-our-lady-of-the-cape-by-fr-jacques-breton\/","name":"THE MIRACULOUS STORY OF OUR LADY OF THE CAPE - Mus\u00e9e du Bon P\u00e8re Fr\u00e9d\u00e9ric","isPartOf":{"@id":"https:\/\/musee.perefrederic.ca\/#website"},"primaryImageOfPage":{"@id":"https:\/\/musee.perefrederic.ca\/en\/boutique\/the-miraculous-story-of-our-lady-of-the-cape-by-fr-jacques-breton\/#primaryimage"},"image":{"@id":"https:\/\/musee.perefrederic.ca\/en\/boutique\/the-miraculous-story-of-our-lady-of-the-cape-by-fr-jacques-breton\/#primaryimage"},"thumbnailUrl":"https:\/\/musee.perefrederic.ca\/wp-content\/uploads\/2024\/06\/livre_ndc_en.jpg","datePublished":"2024-06-28T15:30:39+00:00","dateModified":"2025-12-05T20:49:30+00:00","description":"D\u00e9couvrez nos produits \u00e0 l'effigie du Bon P\u00e8re Fr\u00e9d\u00e9ric dont : THE MIRACULOUS STORY OF OUR LADY OF THE CAPE - Visitez notre boutique!","breadcrumb":{"@id":"https:\/\/musee.perefrederic.ca\/en\/boutique\/the-miraculous-story-of-our-lady-of-the-cape-by-fr-jacques-breton\/#breadcrumb"},"inLanguage":"en-US","potentialAction":[{"@type":"ReadAction","target":["https:\/\/musee.perefrederic.ca\/en\/boutique\/the-miraculous-story-of-our-lady-of-the-cape-by-fr-jacques-breton\/"]}]},{"@type":"ImageObject","inLanguage":"en-US","@id":"https:\/\/musee.perefrederic.ca\/en\/boutique\/the-miraculous-story-of-our-lady-of-the-cape-by-fr-jacques-breton\/#primaryimage","url":"https:\/\/musee.perefrederic.ca\/wp-content\/uploads\/2024\/06\/livre_ndc_en.jpg","contentUrl":"https:\/\/musee.perefrederic.ca\/wp-content\/uploads\/2024\/06\/livre_ndc_en.jpg","width":1237,"height":1237},{"@type":"BreadcrumbList","@id":"https:\/\/musee.perefrederic.ca\/en\/boutique\/the-miraculous-story-of-our-lady-of-the-cape-by-fr-jacques-breton\/#breadcrumb","itemListElement":[{"@type":"ListItem","position":1,"name":"Accueil","item":"https:\/\/musee.perefrederic.ca\/en\/"},{"@type":"ListItem","position":2,"name":"Store","item":"https:\/\/musee.perefrederic.ca\/en\/shop\/"},{"@type":"ListItem","position":3,"name":"THE MIRACULOUS STORY OF OUR LADY OF THE CAPE"}]},{"@type":"WebSite","@id":"https:\/\/musee.perefrederic.ca\/#website","url":"https:\/\/musee.perefrederic.ca\/","name":"Mus\u00e9e du Bon P\u00e8re Fr\u00e9d\u00e9ric","description":"D\u00e9couvrez l\u2019homme et son histoire","publisher":{"@id":"https:\/\/musee.perefrederic.ca\/#organization"},"potentialAction":[{"@type":"SearchAction","target":{"@type":"EntryPoint","urlTemplate":"https:\/\/musee.perefrederic.ca\/?s={search_term_string}"},"query-input":{"@type":"PropertyValueSpecification","valueRequired":true,"valueName":"search_term_string"}}],"inLanguage":"en-US"},{"@type":"Organization","@id":"https:\/\/musee.perefrederic.ca\/#organization","name":"Mus\u00e9e du Bon P\u00e8re Fr\u00e9d\u00e9ric","url":"https:\/\/musee.perefrederic.ca\/","logo":{"@type":"ImageObject","inLanguage":"en-US","@id":"https:\/\/musee.perefrederic.ca\/#\/schema\/logo\/image\/","url":"https:\/\/musee.perefrederic.ca\/wp-content\/uploads\/2021\/04\/logo-home-dark.png","contentUrl":"https:\/\/musee.perefrederic.ca\/wp-content\/uploads\/2021\/04\/logo-home-dark.png","width":354,"height":282,"caption":"Mus\u00e9e du Bon P\u00e8re Fr\u00e9d\u00e9ric"},"image":{"@id":"https:\/\/musee.perefrederic.ca\/#\/schema\/logo\/image\/"}}]}},"_links":{"self":[{"href":"https:\/\/musee.perefrederic.ca\/en\/wp-json\/wp\/v2\/product\/5032","targetHints":{"allow":["GET"]}}],"collection":[{"href":"https:\/\/musee.perefrederic.ca\/en\/wp-json\/wp\/v2\/product"}],"about":[{"href":"https:\/\/musee.perefrederic.ca\/en\/wp-json\/wp\/v2\/types\/product"}],"wp:featuredmedia":[{"embeddable":true,"href":"https:\/\/musee.perefrederic.ca\/en\/wp-json\/wp\/v2\/media\/5259"}],"wp:attachment":[{"href":"https:\/\/musee.perefrederic.ca\/en\/wp-json\/wp\/v2\/media?parent=5032"}],"wp:term":[{"taxonomy":"product_brand","embeddable":true,"href":"https:\/\/musee.perefrederic.ca\/en\/wp-json\/wp\/v2\/product_brand?post=5032"},{"taxonomy":"product_cat","embeddable":true,"href":"https:\/\/musee.perefrederic.ca\/en\/wp-json\/wp\/v2\/product_cat?post=5032"},{"taxonomy":"product_tag","embeddable":true,"href":"https:\/\/musee.perefrederic.ca\/en\/wp-json\/wp\/v2\/product_tag?post=5032"}],"curies":[{"name":"wp","href":"https:\/\/api.w.org\/{rel}","templated":true}]}}