{"id":6336,"date":"2024-06-28T11:28:27","date_gmt":"2024-06-28T15:28:27","guid":{"rendered":"https:\/\/musee.perefrederic.ca\/boutique\/good-father-frederic-water-bottle\/"},"modified":"2025-12-05T16:43:10","modified_gmt":"2025-12-05T21:43:10","slug":"good-father-frederic-water-bottle","status":"publish","type":"product","link":"https:\/\/musee.perefrederic.ca\/en\/boutique\/good-father-frederic-water-bottle\/","title":{"rendered":"GOOD FATHER FREDERIC WATER BOTTLE"},"content":{"rendered":"<p>BOTTLE WITH THE IMAGE OF GOOD FATHER FREDERIC FILLED WITH WATER &#8211; TO BE BLESSED BY A PRIEST<\/p>\n<p>MATERIAL: PLASTIC<\/p>\n<p>DIMENSION: 5 CM<\/p>\n","protected":false},"excerpt":{"rendered":"<p>BOTTLE WITH THE IMAGE OF GOOD FATHER FREDERIC FILLED WITH WATER &#8211; TO BE BLESSED BY A PRIEST MATERIAL: PLASTIC DIMENSION: 5 CM<\/p>\n","protected":false},"featured_media":6387,"template":"","meta":{"_acf_changed":false,"site-sidebar-layout":"default","site-content-layout":"","ast-site-content-layout":"default","site-content-style":"default","site-sidebar-style":"default","ast-global-header-display":"","ast-banner-title-visibility":"","ast-main-header-display":"","ast-hfb-above-header-display":"","ast-hfb-below-header-display":"","ast-hfb-mobile-header-display":"","site-post-title":"","ast-breadcrumbs-content":"","ast-featured-img":"","footer-sml-layout":"","ast-disable-related-posts":"","theme-transparent-header-meta":"default","adv-header-id-meta":"","stick-header-meta":"","header-above-stick-meta":"","header-main-stick-meta":"","header-below-stick-meta":"","astra-migrate-meta-layouts":"set","ast-page-background-enabled":"default","ast-page-background-meta":{"desktop":{"background-color":"","background-image":"","background-repeat":"repeat","background-position":"center center","background-size":"auto","background-attachment":"scroll","background-type":"","background-media":"","overlay-type":"","overlay-color":"","overlay-opacity":"","overlay-gradient":""},"tablet":{"background-color":"","background-image":"","background-repeat":"repeat","background-position":"center center","background-size":"auto","background-attachment":"scroll","background-type":"","background-media":"","overlay-type":"","overlay-color":"","overlay-opacity":"","overlay-gradient":""},"mobile":{"background-color":"","background-image":"","background-repeat":"repeat","background-position":"center center","background-size":"auto","background-attachment":"scroll","background-type":"","background-media":"","overlay-type":"","overlay-color":"","overlay-opacity":"","overlay-gradient":""}},"ast-content-background-meta":{"desktop":{"background-color":"var(--ast-global-color-5)","background-image":"","background-repeat":"repeat","background-position":"center center","background-size":"auto","background-attachment":"scroll","background-type":"","background-media":"","overlay-type":"","overlay-color":"","overlay-opacity":"","overlay-gradient":""},"tablet":{"background-color":"var(--ast-global-color-5)","background-image":"","background-repeat":"repeat","background-position":"center center","background-size":"auto","background-attachment":"scroll","background-type":"","background-media":"","overlay-type":"","overlay-color":"","overlay-opacity":"","overlay-gradient":""},"mobile":{"background-color":"var(--ast-global-color-5)","background-image":"","background-repeat":"repeat","background-position":"center center","background-size":"auto","background-attachment":"scroll","background-type":"","background-media":"","overlay-type":"","overlay-color":"","overlay-opacity":"","overlay-gradient":""}}},"product_brand":[],"product_cat":[96],"product_tag":[],"class_list":{"0":"post-6336","1":"product","2":"type-product","3":"status-publish","4":"has-post-thumbnail","6":"product_cat-souvenirs-en","7":"desktop-align-left","8":"tablet-align-left","9":"mobile-align-left","11":"first","12":"instock","13":"purchasable","14":"product-type-simple"},"acf":[],"yoast_head":"<!-- This site is optimized with the Yoast SEO plugin v27.4 - https:\/\/yoast.com\/product\/yoast-seo-wordpress\/ -->\n<title>GOOD FATHER FREDERIC WATER BOTTLE - Mus\u00e9e du Bon P\u00e8re Fr\u00e9d\u00e9ric<\/title>\n<meta name=\"description\" content=\"D\u00e9couvrez nos produits \u00e0 l&#039;effigie du Bon P\u00e8re Fr\u00e9d\u00e9ric dont : GOOD FATHER FREDERIC WATER BOTTLE - Visitez notre boutique!\" \/>\n<meta name=\"robots\" content=\"index, follow, max-snippet:-1, max-image-preview:large, max-video-preview:-1\" \/>\n<link rel=\"canonical\" href=\"https:\/\/musee.perefrederic.ca\/en\/boutique\/good-father-frederic-water-bottle\/\" \/>\n<meta property=\"og:locale\" content=\"en_US\" \/>\n<meta property=\"og:type\" content=\"article\" \/>\n<meta property=\"og:title\" content=\"GOOD FATHER FREDERIC WATER BOTTLE - Mus\u00e9e du Bon P\u00e8re Fr\u00e9d\u00e9ric\" \/>\n<meta property=\"og:description\" content=\"D\u00e9couvrez nos produits \u00e0 l&#039;effigie du Bon P\u00e8re Fr\u00e9d\u00e9ric dont : GOOD FATHER FREDERIC WATER BOTTLE - Visitez notre boutique!\" \/>\n<meta property=\"og:url\" content=\"https:\/\/musee.perefrederic.ca\/en\/boutique\/good-father-frederic-water-bottle\/\" \/>\n<meta property=\"og:site_name\" content=\"Mus\u00e9e du Bon P\u00e8re Fr\u00e9d\u00e9ric\" \/>\n<meta property=\"article:modified_time\" content=\"2025-12-05T21:43:10+00:00\" \/>\n<meta property=\"og:image\" content=\"https:\/\/musee.perefrederic.ca\/wp-content\/uploads\/2024\/06\/bouteille-musee-du-bon-pere-frederic-e1771626179739.jpg\" \/>\n\t<meta property=\"og:image:width\" content=\"1446\" \/>\n\t<meta property=\"og:image:height\" content=\"1920\" \/>\n\t<meta property=\"og:image:type\" content=\"image\/jpeg\" \/>\n<meta name=\"twitter:card\" content=\"summary_large_image\" \/>\n<script type=\"application\/ld+json\" class=\"yoast-schema-graph\">{\"@context\":\"https:\\\/\\\/schema.org\",\"@graph\":[{\"@type\":\"WebPage\",\"@id\":\"https:\\\/\\\/musee.perefrederic.ca\\\/en\\\/boutique\\\/good-father-frederic-water-bottle\\\/\",\"url\":\"https:\\\/\\\/musee.perefrederic.ca\\\/en\\\/boutique\\\/good-father-frederic-water-bottle\\\/\",\"name\":\"GOOD FATHER FREDERIC WATER BOTTLE - Mus\u00e9e du Bon P\u00e8re Fr\u00e9d\u00e9ric\",\"isPartOf\":{\"@id\":\"https:\\\/\\\/musee.perefrederic.ca\\\/#website\"},\"primaryImageOfPage\":{\"@id\":\"https:\\\/\\\/musee.perefrederic.ca\\\/en\\\/boutique\\\/good-father-frederic-water-bottle\\\/#primaryimage\"},\"image\":{\"@id\":\"https:\\\/\\\/musee.perefrederic.ca\\\/en\\\/boutique\\\/good-father-frederic-water-bottle\\\/#primaryimage\"},\"thumbnailUrl\":\"https:\\\/\\\/musee.perefrederic.ca\\\/wp-content\\\/uploads\\\/2024\\\/06\\\/bouteille-musee-du-bon-pere-frederic-e1771626179739.jpg\",\"datePublished\":\"2024-06-28T15:28:27+00:00\",\"dateModified\":\"2025-12-05T21:43:10+00:00\",\"description\":\"D\u00e9couvrez nos produits \u00e0 l'effigie du Bon P\u00e8re Fr\u00e9d\u00e9ric dont : GOOD FATHER FREDERIC WATER BOTTLE - Visitez notre boutique!\",\"breadcrumb\":{\"@id\":\"https:\\\/\\\/musee.perefrederic.ca\\\/en\\\/boutique\\\/good-father-frederic-water-bottle\\\/#breadcrumb\"},\"inLanguage\":\"en-US\",\"potentialAction\":[{\"@type\":\"ReadAction\",\"target\":[\"https:\\\/\\\/musee.perefrederic.ca\\\/en\\\/boutique\\\/good-father-frederic-water-bottle\\\/\"]}]},{\"@type\":\"ImageObject\",\"inLanguage\":\"en-US\",\"@id\":\"https:\\\/\\\/musee.perefrederic.ca\\\/en\\\/boutique\\\/good-father-frederic-water-bottle\\\/#primaryimage\",\"url\":\"https:\\\/\\\/musee.perefrederic.ca\\\/wp-content\\\/uploads\\\/2024\\\/06\\\/bouteille-musee-du-bon-pere-frederic-e1771626179739.jpg\",\"contentUrl\":\"https:\\\/\\\/musee.perefrederic.ca\\\/wp-content\\\/uploads\\\/2024\\\/06\\\/bouteille-musee-du-bon-pere-frederic-e1771626179739.jpg\",\"width\":1446,\"height\":1920},{\"@type\":\"BreadcrumbList\",\"@id\":\"https:\\\/\\\/musee.perefrederic.ca\\\/en\\\/boutique\\\/good-father-frederic-water-bottle\\\/#breadcrumb\",\"itemListElement\":[{\"@type\":\"ListItem\",\"position\":1,\"name\":\"Accueil\",\"item\":\"https:\\\/\\\/musee.perefrederic.ca\\\/en\\\/\"},{\"@type\":\"ListItem\",\"position\":2,\"name\":\"Store\",\"item\":\"https:\\\/\\\/musee.perefrederic.ca\\\/en\\\/shop\\\/\"},{\"@type\":\"ListItem\",\"position\":3,\"name\":\"GOOD FATHER FREDERIC WATER BOTTLE\"}]},{\"@type\":\"WebSite\",\"@id\":\"https:\\\/\\\/musee.perefrederic.ca\\\/#website\",\"url\":\"https:\\\/\\\/musee.perefrederic.ca\\\/\",\"name\":\"Mus\u00e9e du Bon P\u00e8re Fr\u00e9d\u00e9ric\",\"description\":\"D\u00e9couvrez l\u2019homme et son histoire\",\"publisher\":{\"@id\":\"https:\\\/\\\/musee.perefrederic.ca\\\/#organization\"},\"potentialAction\":[{\"@type\":\"SearchAction\",\"target\":{\"@type\":\"EntryPoint\",\"urlTemplate\":\"https:\\\/\\\/musee.perefrederic.ca\\\/?s={search_term_string}\"},\"query-input\":{\"@type\":\"PropertyValueSpecification\",\"valueRequired\":true,\"valueName\":\"search_term_string\"}}],\"inLanguage\":\"en-US\"},{\"@type\":\"Organization\",\"@id\":\"https:\\\/\\\/musee.perefrederic.ca\\\/#organization\",\"name\":\"Mus\u00e9e du Bon P\u00e8re Fr\u00e9d\u00e9ric\",\"url\":\"https:\\\/\\\/musee.perefrederic.ca\\\/\",\"logo\":{\"@type\":\"ImageObject\",\"inLanguage\":\"en-US\",\"@id\":\"https:\\\/\\\/musee.perefrederic.ca\\\/#\\\/schema\\\/logo\\\/image\\\/\",\"url\":\"https:\\\/\\\/musee.perefrederic.ca\\\/wp-content\\\/uploads\\\/2021\\\/04\\\/logo-home-dark.png\",\"contentUrl\":\"https:\\\/\\\/musee.perefrederic.ca\\\/wp-content\\\/uploads\\\/2021\\\/04\\\/logo-home-dark.png\",\"width\":354,\"height\":282,\"caption\":\"Mus\u00e9e du Bon P\u00e8re Fr\u00e9d\u00e9ric\"},\"image\":{\"@id\":\"https:\\\/\\\/musee.perefrederic.ca\\\/#\\\/schema\\\/logo\\\/image\\\/\"}}]}<\/script>\n<!-- \/ Yoast SEO plugin. -->","yoast_head_json":{"title":"GOOD FATHER FREDERIC WATER BOTTLE - Mus\u00e9e du Bon P\u00e8re Fr\u00e9d\u00e9ric","description":"D\u00e9couvrez nos produits \u00e0 l'effigie du Bon P\u00e8re Fr\u00e9d\u00e9ric dont : GOOD FATHER FREDERIC WATER BOTTLE - Visitez notre boutique!","robots":{"index":"index","follow":"follow","max-snippet":"max-snippet:-1","max-image-preview":"max-image-preview:large","max-video-preview":"max-video-preview:-1"},"canonical":"https:\/\/musee.perefrederic.ca\/en\/boutique\/good-father-frederic-water-bottle\/","og_locale":"en_US","og_type":"article","og_title":"GOOD FATHER FREDERIC WATER BOTTLE - Mus\u00e9e du Bon P\u00e8re Fr\u00e9d\u00e9ric","og_description":"D\u00e9couvrez nos produits \u00e0 l'effigie du Bon P\u00e8re Fr\u00e9d\u00e9ric dont : GOOD FATHER FREDERIC WATER BOTTLE - Visitez notre boutique!","og_url":"https:\/\/musee.perefrederic.ca\/en\/boutique\/good-father-frederic-water-bottle\/","og_site_name":"Mus\u00e9e du Bon P\u00e8re Fr\u00e9d\u00e9ric","article_modified_time":"2025-12-05T21:43:10+00:00","og_image":[{"width":1446,"height":1920,"url":"https:\/\/musee.perefrederic.ca\/wp-content\/uploads\/2024\/06\/bouteille-musee-du-bon-pere-frederic-e1771626179739.jpg","type":"image\/jpeg"}],"twitter_card":"summary_large_image","schema":{"@context":"https:\/\/schema.org","@graph":[{"@type":"WebPage","@id":"https:\/\/musee.perefrederic.ca\/en\/boutique\/good-father-frederic-water-bottle\/","url":"https:\/\/musee.perefrederic.ca\/en\/boutique\/good-father-frederic-water-bottle\/","name":"GOOD FATHER FREDERIC WATER BOTTLE - Mus\u00e9e du Bon P\u00e8re Fr\u00e9d\u00e9ric","isPartOf":{"@id":"https:\/\/musee.perefrederic.ca\/#website"},"primaryImageOfPage":{"@id":"https:\/\/musee.perefrederic.ca\/en\/boutique\/good-father-frederic-water-bottle\/#primaryimage"},"image":{"@id":"https:\/\/musee.perefrederic.ca\/en\/boutique\/good-father-frederic-water-bottle\/#primaryimage"},"thumbnailUrl":"https:\/\/musee.perefrederic.ca\/wp-content\/uploads\/2024\/06\/bouteille-musee-du-bon-pere-frederic-e1771626179739.jpg","datePublished":"2024-06-28T15:28:27+00:00","dateModified":"2025-12-05T21:43:10+00:00","description":"D\u00e9couvrez nos produits \u00e0 l'effigie du Bon P\u00e8re Fr\u00e9d\u00e9ric dont : GOOD FATHER FREDERIC WATER BOTTLE - Visitez notre boutique!","breadcrumb":{"@id":"https:\/\/musee.perefrederic.ca\/en\/boutique\/good-father-frederic-water-bottle\/#breadcrumb"},"inLanguage":"en-US","potentialAction":[{"@type":"ReadAction","target":["https:\/\/musee.perefrederic.ca\/en\/boutique\/good-father-frederic-water-bottle\/"]}]},{"@type":"ImageObject","inLanguage":"en-US","@id":"https:\/\/musee.perefrederic.ca\/en\/boutique\/good-father-frederic-water-bottle\/#primaryimage","url":"https:\/\/musee.perefrederic.ca\/wp-content\/uploads\/2024\/06\/bouteille-musee-du-bon-pere-frederic-e1771626179739.jpg","contentUrl":"https:\/\/musee.perefrederic.ca\/wp-content\/uploads\/2024\/06\/bouteille-musee-du-bon-pere-frederic-e1771626179739.jpg","width":1446,"height":1920},{"@type":"BreadcrumbList","@id":"https:\/\/musee.perefrederic.ca\/en\/boutique\/good-father-frederic-water-bottle\/#breadcrumb","itemListElement":[{"@type":"ListItem","position":1,"name":"Accueil","item":"https:\/\/musee.perefrederic.ca\/en\/"},{"@type":"ListItem","position":2,"name":"Store","item":"https:\/\/musee.perefrederic.ca\/en\/shop\/"},{"@type":"ListItem","position":3,"name":"GOOD FATHER FREDERIC WATER BOTTLE"}]},{"@type":"WebSite","@id":"https:\/\/musee.perefrederic.ca\/#website","url":"https:\/\/musee.perefrederic.ca\/","name":"Mus\u00e9e du Bon P\u00e8re Fr\u00e9d\u00e9ric","description":"D\u00e9couvrez l\u2019homme et son histoire","publisher":{"@id":"https:\/\/musee.perefrederic.ca\/#organization"},"potentialAction":[{"@type":"SearchAction","target":{"@type":"EntryPoint","urlTemplate":"https:\/\/musee.perefrederic.ca\/?s={search_term_string}"},"query-input":{"@type":"PropertyValueSpecification","valueRequired":true,"valueName":"search_term_string"}}],"inLanguage":"en-US"},{"@type":"Organization","@id":"https:\/\/musee.perefrederic.ca\/#organization","name":"Mus\u00e9e du Bon P\u00e8re Fr\u00e9d\u00e9ric","url":"https:\/\/musee.perefrederic.ca\/","logo":{"@type":"ImageObject","inLanguage":"en-US","@id":"https:\/\/musee.perefrederic.ca\/#\/schema\/logo\/image\/","url":"https:\/\/musee.perefrederic.ca\/wp-content\/uploads\/2021\/04\/logo-home-dark.png","contentUrl":"https:\/\/musee.perefrederic.ca\/wp-content\/uploads\/2021\/04\/logo-home-dark.png","width":354,"height":282,"caption":"Mus\u00e9e du Bon P\u00e8re Fr\u00e9d\u00e9ric"},"image":{"@id":"https:\/\/musee.perefrederic.ca\/#\/schema\/logo\/image\/"}}]}},"_links":{"self":[{"href":"https:\/\/musee.perefrederic.ca\/en\/wp-json\/wp\/v2\/product\/6336","targetHints":{"allow":["GET"]}}],"collection":[{"href":"https:\/\/musee.perefrederic.ca\/en\/wp-json\/wp\/v2\/product"}],"about":[{"href":"https:\/\/musee.perefrederic.ca\/en\/wp-json\/wp\/v2\/types\/product"}],"wp:featuredmedia":[{"embeddable":true,"href":"https:\/\/musee.perefrederic.ca\/en\/wp-json\/wp\/v2\/media\/6387"}],"wp:attachment":[{"href":"https:\/\/musee.perefrederic.ca\/en\/wp-json\/wp\/v2\/media?parent=6336"}],"wp:term":[{"taxonomy":"product_brand","embeddable":true,"href":"https:\/\/musee.perefrederic.ca\/en\/wp-json\/wp\/v2\/product_brand?post=6336"},{"taxonomy":"product_cat","embeddable":true,"href":"https:\/\/musee.perefrederic.ca\/en\/wp-json\/wp\/v2\/product_cat?post=6336"},{"taxonomy":"product_tag","embeddable":true,"href":"https:\/\/musee.perefrederic.ca\/en\/wp-json\/wp\/v2\/product_tag?post=6336"}],"curies":[{"name":"wp","href":"https:\/\/api.w.org\/{rel}","templated":true}]}}